{"id":1133,"date":"2022-07-16T17:37:08","date_gmt":"2022-07-16T15:37:08","guid":{"rendered":"https:\/\/jurczakautosport.pl\/sklep\/?post_type=product&#038;p=1133"},"modified":"2025-06-02T01:23:37","modified_gmt":"2025-06-01T23:23:37","slug":"o-57-mm-dlugosc-12-cm","status":"publish","type":"product","link":"https:\/\/jurczakautosport.pl\/sklep\/produkt\/elementy-do-budowy\/laczniki-proste\/o-57-mm-dlugosc-12-cm\/","title":{"rendered":"\u0141\u0105cznik fi 57mm d\u0142ugo\u015b\u0107 12 cm"},"content":{"rendered":"<p><span class=\"aCOpRe\">\u0141\u0105cznik prosty, umo\u017cliwia po\u0142\u0105czenie suwliwe rury o \u015brednicy zewn\u0119trznej 57 mm.,\u00a0 wykonany ze stali nierdzewnej, d\u0142ugo\u015b\u0107 ca\u0142kowita minimum 12cm,\u00a0 d\u0142ugo\u015b\u0107 rozp\u0119czenia 40 mm. Pozosta\u0142e zdj\u0119cia przedstawiaj\u0105 kolanka z kielichem, kt\u00f3re r\u00f3wnie\u017c mo\u017cna \u0142\u0105czy\u0107 z \u0142\u0105cznikiem prostym<br \/>\n<\/span><\/p>\n","protected":false},"excerpt":{"rendered":"<p><strong>Materia\u0142: <\/strong>stal nierdzewna (304 AISI)<\/p>\n<p><strong>D\u0142ugo\u015b\u0107 ca\u0142kowita:<\/strong> 12 cm<\/p>\n<p><strong>D\u0142ugo\u015b\u0107 rozp\u0119czenia:<\/strong> 40 mm<\/p>\n","protected":false},"featured_media":700,"comment_status":"closed","ping_status":"closed","template":"","meta":[],"product_brand":[],"product_cat":[97],"product_tag":[232,233,235,234,236,237,238,250,226,173,169,244,247,225,170,171,172,248,174,249],"class_list":{"0":"post-1133","1":"product","2":"type-product","3":"status-publish","4":"has-post-thumbnail","6":"product_cat-laczniki-proste","7":"product_tag-232","8":"product_tag-233","9":"product_tag-235","10":"product_tag-63-5","11":"product_tag-236","12":"product_tag-237","13":"product_tag-76-1","14":"product_tag-inox","15":"product_tag-kwasowka","16":"product_tag-lacznik-nierdzewny","17":"product_tag-lacznik-prosty","18":"product_tag-mufa","19":"product_tag-nasuwka","20":"product_tag-nierdzewka","21":"product_tag-przejsciowka","22":"product_tag-redukcja","23":"product_tag-redukcja-nierdzewne","24":"product_tag-rozpeczenie","25":"product_tag-rura-naprawcza","26":"product_tag-wsuwka","27":"product_shipping_class-wysylka-2-4-dni","29":"first","30":"instock","31":"taxable","32":"shipping-taxable","33":"purchasable","34":"product-type-simple"},"yoast_head":"<!-- This site is optimized with the Yoast SEO plugin v25.1 - https:\/\/yoast.com\/wordpress\/plugins\/seo\/ -->\n<title>\u0141\u0105cznik fi 57mm d\u0142ugo\u015b\u0107 12 cm - Jurczak Auto Sport<\/title>\n<meta name=\"robots\" content=\"index, follow, max-snippet:-1, max-image-preview:large, max-video-preview:-1\" \/>\n<link rel=\"canonical\" href=\"https:\/\/jurczakautosport.pl\/sklep\/produkt\/elementy-do-budowy\/laczniki-proste\/o-57-mm-dlugosc-12-cm\/\" \/>\n<meta property=\"og:locale\" content=\"pl_PL\" \/>\n<meta property=\"og:type\" content=\"article\" \/>\n<meta property=\"og:title\" content=\"\u0141\u0105cznik fi 57mm d\u0142ugo\u015b\u0107 12 cm - Jurczak Auto Sport\" \/>\n<meta property=\"og:description\" content=\"Materia\u0142: stal nierdzewna (304 AISI)  D\u0142ugo\u015b\u0107 ca\u0142kowita: 12 cm  D\u0142ugo\u015b\u0107 rozp\u0119czenia: 40 mm\" \/>\n<meta property=\"og:url\" content=\"https:\/\/jurczakautosport.pl\/sklep\/produkt\/elementy-do-budowy\/laczniki-proste\/o-57-mm-dlugosc-12-cm\/\" \/>\n<meta property=\"og:site_name\" content=\"Jurczak Auto Sport\" \/>\n<meta property=\"article:modified_time\" content=\"2025-06-01T23:23:37+00:00\" \/>\n<meta property=\"og:image\" content=\"https:\/\/jurczakautosport.pl\/sklep\/wp-content\/uploads\/2021\/04\/prosty_fi57-scaled-e1618137825618.jpg\" \/>\n\t<meta property=\"og:image:width\" content=\"820\" \/>\n\t<meta property=\"og:image:height\" content=\"599\" \/>\n\t<meta property=\"og:image:type\" content=\"image\/jpeg\" \/>\n<meta name=\"twitter:card\" content=\"summary_large_image\" \/>\n<meta name=\"twitter:label1\" content=\"Szacowany czas czytania\" \/>\n\t<meta name=\"twitter:data1\" content=\"1 minuta\" \/>\n<script type=\"application\/ld+json\" class=\"yoast-schema-graph\">{\"@context\":\"https:\/\/schema.org\",\"@graph\":[{\"@type\":\"WebPage\",\"@id\":\"https:\/\/jurczakautosport.pl\/sklep\/produkt\/elementy-do-budowy\/laczniki-proste\/o-57-mm-dlugosc-12-cm\/\",\"url\":\"https:\/\/jurczakautosport.pl\/sklep\/produkt\/elementy-do-budowy\/laczniki-proste\/o-57-mm-dlugosc-12-cm\/\",\"name\":\"\u0141\u0105cznik fi 57mm d\u0142ugo\u015b\u0107 12 cm - Jurczak Auto Sport\",\"isPartOf\":{\"@id\":\"https:\/\/jurczakautosport.pl\/sklep\/#website\"},\"primaryImageOfPage\":{\"@id\":\"https:\/\/jurczakautosport.pl\/sklep\/produkt\/elementy-do-budowy\/laczniki-proste\/o-57-mm-dlugosc-12-cm\/#primaryimage\"},\"image\":{\"@id\":\"https:\/\/jurczakautosport.pl\/sklep\/produkt\/elementy-do-budowy\/laczniki-proste\/o-57-mm-dlugosc-12-cm\/#primaryimage\"},\"thumbnailUrl\":\"https:\/\/jurczakautosport.pl\/sklep\/wp-content\/uploads\/2021\/04\/prosty_fi57-scaled-e1618137825618.jpg\",\"datePublished\":\"2022-07-16T15:37:08+00:00\",\"dateModified\":\"2025-06-01T23:23:37+00:00\",\"breadcrumb\":{\"@id\":\"https:\/\/jurczakautosport.pl\/sklep\/produkt\/elementy-do-budowy\/laczniki-proste\/o-57-mm-dlugosc-12-cm\/#breadcrumb\"},\"inLanguage\":\"pl-PL\",\"potentialAction\":[{\"@type\":\"ReadAction\",\"target\":[\"https:\/\/jurczakautosport.pl\/sklep\/produkt\/elementy-do-budowy\/laczniki-proste\/o-57-mm-dlugosc-12-cm\/\"]}]},{\"@type\":\"ImageObject\",\"inLanguage\":\"pl-PL\",\"@id\":\"https:\/\/jurczakautosport.pl\/sklep\/produkt\/elementy-do-budowy\/laczniki-proste\/o-57-mm-dlugosc-12-cm\/#primaryimage\",\"url\":\"https:\/\/jurczakautosport.pl\/sklep\/wp-content\/uploads\/2021\/04\/prosty_fi57-scaled-e1618137825618.jpg\",\"contentUrl\":\"https:\/\/jurczakautosport.pl\/sklep\/wp-content\/uploads\/2021\/04\/prosty_fi57-scaled-e1618137825618.jpg\",\"width\":820,\"height\":599},{\"@type\":\"BreadcrumbList\",\"@id\":\"https:\/\/jurczakautosport.pl\/sklep\/produkt\/elementy-do-budowy\/laczniki-proste\/o-57-mm-dlugosc-12-cm\/#breadcrumb\",\"itemListElement\":[{\"@type\":\"ListItem\",\"position\":1,\"name\":\"Sklep Jurczak Auto Sport\",\"item\":\"https:\/\/jurczakautosport.pl\/sklep\/\"},{\"@type\":\"ListItem\",\"position\":2,\"name\":\"Strona g\u0142\u00f3wna\",\"item\":\"https:\/\/jurczakautosport.pl\/sklep\/\"},{\"@type\":\"ListItem\",\"position\":3,\"name\":\"\u0141\u0105cznik fi 57mm d\u0142ugo\u015b\u0107 12 cm\"}]},{\"@type\":\"WebSite\",\"@id\":\"https:\/\/jurczakautosport.pl\/sklep\/#website\",\"url\":\"https:\/\/jurczakautosport.pl\/sklep\/\",\"name\":\"Jurczak Auto Sport\",\"description\":\"uk\u0142ady wydechowe Bia\u0142ystok\",\"publisher\":{\"@id\":\"https:\/\/jurczakautosport.pl\/sklep\/#organization\"},\"potentialAction\":[{\"@type\":\"SearchAction\",\"target\":{\"@type\":\"EntryPoint\",\"urlTemplate\":\"https:\/\/jurczakautosport.pl\/sklep\/?s={search_term_string}\"},\"query-input\":{\"@type\":\"PropertyValueSpecification\",\"valueRequired\":true,\"valueName\":\"search_term_string\"}}],\"inLanguage\":\"pl-PL\"},{\"@type\":\"Organization\",\"@id\":\"https:\/\/jurczakautosport.pl\/sklep\/#organization\",\"name\":\"Jurczak Auto Sport\",\"url\":\"https:\/\/jurczakautosport.pl\/sklep\/\",\"logo\":{\"@type\":\"ImageObject\",\"inLanguage\":\"pl-PL\",\"@id\":\"https:\/\/jurczakautosport.pl\/sklep\/#\/schema\/logo\/image\/\",\"url\":\"https:\/\/jurczakautosport.pl\/sklep\/wp-content\/uploads\/2021\/03\/jurczak-logo.jpg\",\"contentUrl\":\"https:\/\/jurczakautosport.pl\/sklep\/wp-content\/uploads\/2021\/03\/jurczak-logo.jpg\",\"width\":1600,\"height\":198,\"caption\":\"Jurczak Auto Sport\"},\"image\":{\"@id\":\"https:\/\/jurczakautosport.pl\/sklep\/#\/schema\/logo\/image\/\"}}]}<\/script>\n<!-- \/ Yoast SEO plugin. -->","yoast_head_json":{"title":"\u0141\u0105cznik fi 57mm d\u0142ugo\u015b\u0107 12 cm - Jurczak Auto Sport","robots":{"index":"index","follow":"follow","max-snippet":"max-snippet:-1","max-image-preview":"max-image-preview:large","max-video-preview":"max-video-preview:-1"},"canonical":"https:\/\/jurczakautosport.pl\/sklep\/produkt\/elementy-do-budowy\/laczniki-proste\/o-57-mm-dlugosc-12-cm\/","og_locale":"pl_PL","og_type":"article","og_title":"\u0141\u0105cznik fi 57mm d\u0142ugo\u015b\u0107 12 cm - Jurczak Auto Sport","og_description":"Materia\u0142: stal nierdzewna (304 AISI)  D\u0142ugo\u015b\u0107 ca\u0142kowita: 12 cm  D\u0142ugo\u015b\u0107 rozp\u0119czenia: 40 mm","og_url":"https:\/\/jurczakautosport.pl\/sklep\/produkt\/elementy-do-budowy\/laczniki-proste\/o-57-mm-dlugosc-12-cm\/","og_site_name":"Jurczak Auto Sport","article_modified_time":"2025-06-01T23:23:37+00:00","og_image":[{"width":820,"height":599,"url":"https:\/\/jurczakautosport.pl\/sklep\/wp-content\/uploads\/2021\/04\/prosty_fi57-scaled-e1618137825618.jpg","type":"image\/jpeg"}],"twitter_card":"summary_large_image","twitter_misc":{"Szacowany czas czytania":"1 minuta"},"schema":{"@context":"https:\/\/schema.org","@graph":[{"@type":"WebPage","@id":"https:\/\/jurczakautosport.pl\/sklep\/produkt\/elementy-do-budowy\/laczniki-proste\/o-57-mm-dlugosc-12-cm\/","url":"https:\/\/jurczakautosport.pl\/sklep\/produkt\/elementy-do-budowy\/laczniki-proste\/o-57-mm-dlugosc-12-cm\/","name":"\u0141\u0105cznik fi 57mm d\u0142ugo\u015b\u0107 12 cm - Jurczak Auto Sport","isPartOf":{"@id":"https:\/\/jurczakautosport.pl\/sklep\/#website"},"primaryImageOfPage":{"@id":"https:\/\/jurczakautosport.pl\/sklep\/produkt\/elementy-do-budowy\/laczniki-proste\/o-57-mm-dlugosc-12-cm\/#primaryimage"},"image":{"@id":"https:\/\/jurczakautosport.pl\/sklep\/produkt\/elementy-do-budowy\/laczniki-proste\/o-57-mm-dlugosc-12-cm\/#primaryimage"},"thumbnailUrl":"https:\/\/jurczakautosport.pl\/sklep\/wp-content\/uploads\/2021\/04\/prosty_fi57-scaled-e1618137825618.jpg","datePublished":"2022-07-16T15:37:08+00:00","dateModified":"2025-06-01T23:23:37+00:00","breadcrumb":{"@id":"https:\/\/jurczakautosport.pl\/sklep\/produkt\/elementy-do-budowy\/laczniki-proste\/o-57-mm-dlugosc-12-cm\/#breadcrumb"},"inLanguage":"pl-PL","potentialAction":[{"@type":"ReadAction","target":["https:\/\/jurczakautosport.pl\/sklep\/produkt\/elementy-do-budowy\/laczniki-proste\/o-57-mm-dlugosc-12-cm\/"]}]},{"@type":"ImageObject","inLanguage":"pl-PL","@id":"https:\/\/jurczakautosport.pl\/sklep\/produkt\/elementy-do-budowy\/laczniki-proste\/o-57-mm-dlugosc-12-cm\/#primaryimage","url":"https:\/\/jurczakautosport.pl\/sklep\/wp-content\/uploads\/2021\/04\/prosty_fi57-scaled-e1618137825618.jpg","contentUrl":"https:\/\/jurczakautosport.pl\/sklep\/wp-content\/uploads\/2021\/04\/prosty_fi57-scaled-e1618137825618.jpg","width":820,"height":599},{"@type":"BreadcrumbList","@id":"https:\/\/jurczakautosport.pl\/sklep\/produkt\/elementy-do-budowy\/laczniki-proste\/o-57-mm-dlugosc-12-cm\/#breadcrumb","itemListElement":[{"@type":"ListItem","position":1,"name":"Sklep Jurczak Auto Sport","item":"https:\/\/jurczakautosport.pl\/sklep\/"},{"@type":"ListItem","position":2,"name":"Strona g\u0142\u00f3wna","item":"https:\/\/jurczakautosport.pl\/sklep\/"},{"@type":"ListItem","position":3,"name":"\u0141\u0105cznik fi 57mm d\u0142ugo\u015b\u0107 12 cm"}]},{"@type":"WebSite","@id":"https:\/\/jurczakautosport.pl\/sklep\/#website","url":"https:\/\/jurczakautosport.pl\/sklep\/","name":"Jurczak Auto Sport","description":"uk\u0142ady wydechowe Bia\u0142ystok","publisher":{"@id":"https:\/\/jurczakautosport.pl\/sklep\/#organization"},"potentialAction":[{"@type":"SearchAction","target":{"@type":"EntryPoint","urlTemplate":"https:\/\/jurczakautosport.pl\/sklep\/?s={search_term_string}"},"query-input":{"@type":"PropertyValueSpecification","valueRequired":true,"valueName":"search_term_string"}}],"inLanguage":"pl-PL"},{"@type":"Organization","@id":"https:\/\/jurczakautosport.pl\/sklep\/#organization","name":"Jurczak Auto Sport","url":"https:\/\/jurczakautosport.pl\/sklep\/","logo":{"@type":"ImageObject","inLanguage":"pl-PL","@id":"https:\/\/jurczakautosport.pl\/sklep\/#\/schema\/logo\/image\/","url":"https:\/\/jurczakautosport.pl\/sklep\/wp-content\/uploads\/2021\/03\/jurczak-logo.jpg","contentUrl":"https:\/\/jurczakautosport.pl\/sklep\/wp-content\/uploads\/2021\/03\/jurczak-logo.jpg","width":1600,"height":198,"caption":"Jurczak Auto Sport"},"image":{"@id":"https:\/\/jurczakautosport.pl\/sklep\/#\/schema\/logo\/image\/"}}]}},"_links":{"self":[{"href":"https:\/\/jurczakautosport.pl\/sklep\/wp-json\/wp\/v2\/product\/1133","targetHints":{"allow":["GET"]}}],"collection":[{"href":"https:\/\/jurczakautosport.pl\/sklep\/wp-json\/wp\/v2\/product"}],"about":[{"href":"https:\/\/jurczakautosport.pl\/sklep\/wp-json\/wp\/v2\/types\/product"}],"replies":[{"embeddable":true,"href":"https:\/\/jurczakautosport.pl\/sklep\/wp-json\/wp\/v2\/comments?post=1133"}],"wp:featuredmedia":[{"embeddable":true,"href":"https:\/\/jurczakautosport.pl\/sklep\/wp-json\/wp\/v2\/media\/700"}],"wp:attachment":[{"href":"https:\/\/jurczakautosport.pl\/sklep\/wp-json\/wp\/v2\/media?parent=1133"}],"wp:term":[{"taxonomy":"product_brand","embeddable":true,"href":"https:\/\/jurczakautosport.pl\/sklep\/wp-json\/wp\/v2\/product_brand?post=1133"},{"taxonomy":"product_cat","embeddable":true,"href":"https:\/\/jurczakautosport.pl\/sklep\/wp-json\/wp\/v2\/product_cat?post=1133"},{"taxonomy":"product_tag","embeddable":true,"href":"https:\/\/jurczakautosport.pl\/sklep\/wp-json\/wp\/v2\/product_tag?post=1133"}],"curies":[{"name":"wp","href":"https:\/\/api.w.org\/{rel}","templated":true}]}}