{"id":1338,"date":"2024-03-09T16:41:21","date_gmt":"2024-03-09T15:41:21","guid":{"rendered":"https:\/\/jurczakautosport.pl\/sklep\/produkt\/bez-kategorii\/tuleje-do-montazu-przednich-wahaczy-zestaw-8-sztuk\/"},"modified":"2025-06-02T01:24:17","modified_gmt":"2025-06-01T23:24:17","slug":"tuleje-do-montazu-przednich-wahaczy-zestaw-8-sztuk","status":"publish","type":"product","link":"https:\/\/jurczakautosport.pl\/sklep\/produkt\/can-am-maverick-x3\/tuleje-do-montazu-przednich-wahaczy-zestaw-8-sztuk\/","title":{"rendered":"Tuleje do monta\u017cu przednich wahaczy &#8211; zestaw 8 sztuk"},"content":{"rendered":"<p>Zestaw 8 sztuk tulei do wahaczy przednich g\u00f3rnych i dolnych Can Am Maverick X3.<\/p>\n<p> Pasuj\u0105 pod seryjne wahacze jak r\u00f3wnie\u017c pod te naszej produkcji dost\u0119pne na innych aukcjach.<\/p>\n","protected":false},"excerpt":{"rendered":"<p>Zestaw 8 sztuk tulei do wahaczy przednich g\u00f3rnych i dolnych Can Am Maverick X3. Pasuj\u0105 pod seryjne wahacze jak r\u00f3wnie\u017c pod te naszej produkcji dost\u0119pne na innych aukcjach.<\/p>\n","protected":false},"featured_media":1336,"comment_status":"open","ping_status":"closed","template":"","meta":[],"product_brand":[],"product_cat":[263],"product_tag":[],"class_list":{"0":"post-1338","1":"product","2":"type-product","3":"status-publish","4":"has-post-thumbnail","6":"product_cat-can-am-maverick-x3","8":"first","9":"outofstock","10":"taxable","11":"shipping-taxable","12":"purchasable","13":"product-type-simple"},"yoast_head":"<!-- This site is optimized with the Yoast SEO plugin v25.1 - https:\/\/yoast.com\/wordpress\/plugins\/seo\/ -->\n<title>Tuleje do monta\u017cu przednich wahaczy - zestaw 8 sztuk - Jurczak Auto Sport<\/title>\n<meta name=\"robots\" content=\"index, follow, max-snippet:-1, max-image-preview:large, max-video-preview:-1\" \/>\n<link rel=\"canonical\" href=\"https:\/\/jurczakautosport.pl\/sklep\/produkt\/can-am-maverick-x3\/tuleje-do-montazu-przednich-wahaczy-zestaw-8-sztuk\/\" \/>\n<meta property=\"og:locale\" content=\"pl_PL\" \/>\n<meta property=\"og:type\" content=\"article\" \/>\n<meta property=\"og:title\" content=\"Tuleje do monta\u017cu przednich wahaczy - zestaw 8 sztuk - Jurczak Auto Sport\" \/>\n<meta property=\"og:description\" content=\"Zestaw 8 sztuk tulei do wahaczy przednich g\u00f3rnych i dolnych Can Am Maverick X3. Pasuj\u0105 pod seryjne wahacze jak r\u00f3wnie\u017c pod te naszej produkcji dost\u0119pne na innych aukcjach.\" \/>\n<meta property=\"og:url\" content=\"https:\/\/jurczakautosport.pl\/sklep\/produkt\/can-am-maverick-x3\/tuleje-do-montazu-przednich-wahaczy-zestaw-8-sztuk\/\" \/>\n<meta property=\"og:site_name\" content=\"Jurczak Auto Sport\" \/>\n<meta property=\"article:modified_time\" content=\"2025-06-01T23:24:17+00:00\" \/>\n<meta property=\"og:image\" content=\"https:\/\/jurczakautosport.pl\/sklep\/wp-content\/uploads\/2024\/03\/74c9326b5654f6ce07730999d9cc1ef2.jpg\" \/>\n\t<meta property=\"og:image:width\" content=\"2419\" \/>\n\t<meta property=\"og:image:height\" content=\"1814\" \/>\n\t<meta property=\"og:image:type\" content=\"image\/jpeg\" \/>\n<meta name=\"twitter:card\" content=\"summary_large_image\" \/>\n<script type=\"application\/ld+json\" class=\"yoast-schema-graph\">{\"@context\":\"https:\/\/schema.org\",\"@graph\":[{\"@type\":\"WebPage\",\"@id\":\"https:\/\/jurczakautosport.pl\/sklep\/produkt\/can-am-maverick-x3\/tuleje-do-montazu-przednich-wahaczy-zestaw-8-sztuk\/\",\"url\":\"https:\/\/jurczakautosport.pl\/sklep\/produkt\/can-am-maverick-x3\/tuleje-do-montazu-przednich-wahaczy-zestaw-8-sztuk\/\",\"name\":\"Tuleje do monta\u017cu przednich wahaczy - zestaw 8 sztuk - Jurczak Auto Sport\",\"isPartOf\":{\"@id\":\"https:\/\/jurczakautosport.pl\/sklep\/#website\"},\"primaryImageOfPage\":{\"@id\":\"https:\/\/jurczakautosport.pl\/sklep\/produkt\/can-am-maverick-x3\/tuleje-do-montazu-przednich-wahaczy-zestaw-8-sztuk\/#primaryimage\"},\"image\":{\"@id\":\"https:\/\/jurczakautosport.pl\/sklep\/produkt\/can-am-maverick-x3\/tuleje-do-montazu-przednich-wahaczy-zestaw-8-sztuk\/#primaryimage\"},\"thumbnailUrl\":\"https:\/\/jurczakautosport.pl\/sklep\/wp-content\/uploads\/2024\/03\/74c9326b5654f6ce07730999d9cc1ef2.jpg\",\"datePublished\":\"2024-03-09T15:41:21+00:00\",\"dateModified\":\"2025-06-01T23:24:17+00:00\",\"breadcrumb\":{\"@id\":\"https:\/\/jurczakautosport.pl\/sklep\/produkt\/can-am-maverick-x3\/tuleje-do-montazu-przednich-wahaczy-zestaw-8-sztuk\/#breadcrumb\"},\"inLanguage\":\"pl-PL\",\"potentialAction\":[{\"@type\":\"ReadAction\",\"target\":[\"https:\/\/jurczakautosport.pl\/sklep\/produkt\/can-am-maverick-x3\/tuleje-do-montazu-przednich-wahaczy-zestaw-8-sztuk\/\"]}]},{\"@type\":\"ImageObject\",\"inLanguage\":\"pl-PL\",\"@id\":\"https:\/\/jurczakautosport.pl\/sklep\/produkt\/can-am-maverick-x3\/tuleje-do-montazu-przednich-wahaczy-zestaw-8-sztuk\/#primaryimage\",\"url\":\"https:\/\/jurczakautosport.pl\/sklep\/wp-content\/uploads\/2024\/03\/74c9326b5654f6ce07730999d9cc1ef2.jpg\",\"contentUrl\":\"https:\/\/jurczakautosport.pl\/sklep\/wp-content\/uploads\/2024\/03\/74c9326b5654f6ce07730999d9cc1ef2.jpg\",\"width\":2419,\"height\":1814},{\"@type\":\"BreadcrumbList\",\"@id\":\"https:\/\/jurczakautosport.pl\/sklep\/produkt\/can-am-maverick-x3\/tuleje-do-montazu-przednich-wahaczy-zestaw-8-sztuk\/#breadcrumb\",\"itemListElement\":[{\"@type\":\"ListItem\",\"position\":1,\"name\":\"Sklep Jurczak Auto Sport\",\"item\":\"https:\/\/jurczakautosport.pl\/sklep\/\"},{\"@type\":\"ListItem\",\"position\":2,\"name\":\"Strona g\u0142\u00f3wna\",\"item\":\"https:\/\/jurczakautosport.pl\/sklep\/\"},{\"@type\":\"ListItem\",\"position\":3,\"name\":\"Tuleje do monta\u017cu przednich wahaczy &#8211; zestaw 8 sztuk\"}]},{\"@type\":\"WebSite\",\"@id\":\"https:\/\/jurczakautosport.pl\/sklep\/#website\",\"url\":\"https:\/\/jurczakautosport.pl\/sklep\/\",\"name\":\"Jurczak Auto Sport\",\"description\":\"uk\u0142ady wydechowe Bia\u0142ystok\",\"publisher\":{\"@id\":\"https:\/\/jurczakautosport.pl\/sklep\/#organization\"},\"potentialAction\":[{\"@type\":\"SearchAction\",\"target\":{\"@type\":\"EntryPoint\",\"urlTemplate\":\"https:\/\/jurczakautosport.pl\/sklep\/?s={search_term_string}\"},\"query-input\":{\"@type\":\"PropertyValueSpecification\",\"valueRequired\":true,\"valueName\":\"search_term_string\"}}],\"inLanguage\":\"pl-PL\"},{\"@type\":\"Organization\",\"@id\":\"https:\/\/jurczakautosport.pl\/sklep\/#organization\",\"name\":\"Jurczak Auto Sport\",\"url\":\"https:\/\/jurczakautosport.pl\/sklep\/\",\"logo\":{\"@type\":\"ImageObject\",\"inLanguage\":\"pl-PL\",\"@id\":\"https:\/\/jurczakautosport.pl\/sklep\/#\/schema\/logo\/image\/\",\"url\":\"https:\/\/jurczakautosport.pl\/sklep\/wp-content\/uploads\/2021\/03\/jurczak-logo.jpg\",\"contentUrl\":\"https:\/\/jurczakautosport.pl\/sklep\/wp-content\/uploads\/2021\/03\/jurczak-logo.jpg\",\"width\":1600,\"height\":198,\"caption\":\"Jurczak Auto Sport\"},\"image\":{\"@id\":\"https:\/\/jurczakautosport.pl\/sklep\/#\/schema\/logo\/image\/\"}}]}<\/script>\n<!-- \/ Yoast SEO plugin. -->","yoast_head_json":{"title":"Tuleje do monta\u017cu przednich wahaczy - zestaw 8 sztuk - Jurczak Auto Sport","robots":{"index":"index","follow":"follow","max-snippet":"max-snippet:-1","max-image-preview":"max-image-preview:large","max-video-preview":"max-video-preview:-1"},"canonical":"https:\/\/jurczakautosport.pl\/sklep\/produkt\/can-am-maverick-x3\/tuleje-do-montazu-przednich-wahaczy-zestaw-8-sztuk\/","og_locale":"pl_PL","og_type":"article","og_title":"Tuleje do monta\u017cu przednich wahaczy - zestaw 8 sztuk - Jurczak Auto Sport","og_description":"Zestaw 8 sztuk tulei do wahaczy przednich g\u00f3rnych i dolnych Can Am Maverick X3. Pasuj\u0105 pod seryjne wahacze jak r\u00f3wnie\u017c pod te naszej produkcji dost\u0119pne na innych aukcjach.","og_url":"https:\/\/jurczakautosport.pl\/sklep\/produkt\/can-am-maverick-x3\/tuleje-do-montazu-przednich-wahaczy-zestaw-8-sztuk\/","og_site_name":"Jurczak Auto Sport","article_modified_time":"2025-06-01T23:24:17+00:00","og_image":[{"width":2419,"height":1814,"url":"https:\/\/jurczakautosport.pl\/sklep\/wp-content\/uploads\/2024\/03\/74c9326b5654f6ce07730999d9cc1ef2.jpg","type":"image\/jpeg"}],"twitter_card":"summary_large_image","schema":{"@context":"https:\/\/schema.org","@graph":[{"@type":"WebPage","@id":"https:\/\/jurczakautosport.pl\/sklep\/produkt\/can-am-maverick-x3\/tuleje-do-montazu-przednich-wahaczy-zestaw-8-sztuk\/","url":"https:\/\/jurczakautosport.pl\/sklep\/produkt\/can-am-maverick-x3\/tuleje-do-montazu-przednich-wahaczy-zestaw-8-sztuk\/","name":"Tuleje do monta\u017cu przednich wahaczy - zestaw 8 sztuk - Jurczak Auto Sport","isPartOf":{"@id":"https:\/\/jurczakautosport.pl\/sklep\/#website"},"primaryImageOfPage":{"@id":"https:\/\/jurczakautosport.pl\/sklep\/produkt\/can-am-maverick-x3\/tuleje-do-montazu-przednich-wahaczy-zestaw-8-sztuk\/#primaryimage"},"image":{"@id":"https:\/\/jurczakautosport.pl\/sklep\/produkt\/can-am-maverick-x3\/tuleje-do-montazu-przednich-wahaczy-zestaw-8-sztuk\/#primaryimage"},"thumbnailUrl":"https:\/\/jurczakautosport.pl\/sklep\/wp-content\/uploads\/2024\/03\/74c9326b5654f6ce07730999d9cc1ef2.jpg","datePublished":"2024-03-09T15:41:21+00:00","dateModified":"2025-06-01T23:24:17+00:00","breadcrumb":{"@id":"https:\/\/jurczakautosport.pl\/sklep\/produkt\/can-am-maverick-x3\/tuleje-do-montazu-przednich-wahaczy-zestaw-8-sztuk\/#breadcrumb"},"inLanguage":"pl-PL","potentialAction":[{"@type":"ReadAction","target":["https:\/\/jurczakautosport.pl\/sklep\/produkt\/can-am-maverick-x3\/tuleje-do-montazu-przednich-wahaczy-zestaw-8-sztuk\/"]}]},{"@type":"ImageObject","inLanguage":"pl-PL","@id":"https:\/\/jurczakautosport.pl\/sklep\/produkt\/can-am-maverick-x3\/tuleje-do-montazu-przednich-wahaczy-zestaw-8-sztuk\/#primaryimage","url":"https:\/\/jurczakautosport.pl\/sklep\/wp-content\/uploads\/2024\/03\/74c9326b5654f6ce07730999d9cc1ef2.jpg","contentUrl":"https:\/\/jurczakautosport.pl\/sklep\/wp-content\/uploads\/2024\/03\/74c9326b5654f6ce07730999d9cc1ef2.jpg","width":2419,"height":1814},{"@type":"BreadcrumbList","@id":"https:\/\/jurczakautosport.pl\/sklep\/produkt\/can-am-maverick-x3\/tuleje-do-montazu-przednich-wahaczy-zestaw-8-sztuk\/#breadcrumb","itemListElement":[{"@type":"ListItem","position":1,"name":"Sklep Jurczak Auto Sport","item":"https:\/\/jurczakautosport.pl\/sklep\/"},{"@type":"ListItem","position":2,"name":"Strona g\u0142\u00f3wna","item":"https:\/\/jurczakautosport.pl\/sklep\/"},{"@type":"ListItem","position":3,"name":"Tuleje do monta\u017cu przednich wahaczy &#8211; zestaw 8 sztuk"}]},{"@type":"WebSite","@id":"https:\/\/jurczakautosport.pl\/sklep\/#website","url":"https:\/\/jurczakautosport.pl\/sklep\/","name":"Jurczak Auto Sport","description":"uk\u0142ady wydechowe Bia\u0142ystok","publisher":{"@id":"https:\/\/jurczakautosport.pl\/sklep\/#organization"},"potentialAction":[{"@type":"SearchAction","target":{"@type":"EntryPoint","urlTemplate":"https:\/\/jurczakautosport.pl\/sklep\/?s={search_term_string}"},"query-input":{"@type":"PropertyValueSpecification","valueRequired":true,"valueName":"search_term_string"}}],"inLanguage":"pl-PL"},{"@type":"Organization","@id":"https:\/\/jurczakautosport.pl\/sklep\/#organization","name":"Jurczak Auto Sport","url":"https:\/\/jurczakautosport.pl\/sklep\/","logo":{"@type":"ImageObject","inLanguage":"pl-PL","@id":"https:\/\/jurczakautosport.pl\/sklep\/#\/schema\/logo\/image\/","url":"https:\/\/jurczakautosport.pl\/sklep\/wp-content\/uploads\/2021\/03\/jurczak-logo.jpg","contentUrl":"https:\/\/jurczakautosport.pl\/sklep\/wp-content\/uploads\/2021\/03\/jurczak-logo.jpg","width":1600,"height":198,"caption":"Jurczak Auto Sport"},"image":{"@id":"https:\/\/jurczakautosport.pl\/sklep\/#\/schema\/logo\/image\/"}}]}},"_links":{"self":[{"href":"https:\/\/jurczakautosport.pl\/sklep\/wp-json\/wp\/v2\/product\/1338","targetHints":{"allow":["GET"]}}],"collection":[{"href":"https:\/\/jurczakautosport.pl\/sklep\/wp-json\/wp\/v2\/product"}],"about":[{"href":"https:\/\/jurczakautosport.pl\/sklep\/wp-json\/wp\/v2\/types\/product"}],"replies":[{"embeddable":true,"href":"https:\/\/jurczakautosport.pl\/sklep\/wp-json\/wp\/v2\/comments?post=1338"}],"wp:featuredmedia":[{"embeddable":true,"href":"https:\/\/jurczakautosport.pl\/sklep\/wp-json\/wp\/v2\/media\/1336"}],"wp:attachment":[{"href":"https:\/\/jurczakautosport.pl\/sklep\/wp-json\/wp\/v2\/media?parent=1338"}],"wp:term":[{"taxonomy":"product_brand","embeddable":true,"href":"https:\/\/jurczakautosport.pl\/sklep\/wp-json\/wp\/v2\/product_brand?post=1338"},{"taxonomy":"product_cat","embeddable":true,"href":"https:\/\/jurczakautosport.pl\/sklep\/wp-json\/wp\/v2\/product_cat?post=1338"},{"taxonomy":"product_tag","embeddable":true,"href":"https:\/\/jurczakautosport.pl\/sklep\/wp-json\/wp\/v2\/product_tag?post=1338"}],"curies":[{"name":"wp","href":"https:\/\/api.w.org\/{rel}","templated":true}]}}