{"id":1426,"date":"2024-11-22T11:02:10","date_gmt":"2024-11-22T10:02:10","guid":{"rendered":"https:\/\/jurczakautosport.pl\/sklep\/produkt\/bez-kategorii\/nadowzie-mazda-rx-8-z-klatka-bezpieczenstwa\/"},"modified":"2025-06-02T01:24:34","modified_gmt":"2025-06-01T23:24:34","slug":"nadowzie-mazda-rx-8-z-klatka-bezpieczenstwa","status":"publish","type":"product","link":"https:\/\/jurczakautosport.pl\/sklep\/produkt\/safety-cages\/nadowzie-mazda-rx-8-z-klatka-bezpieczenstwa\/","title":{"rendered":"Nadowzie Mazda RX-8 z klatk\u0105 bezpiecze\u0144stwa"},"content":{"rendered":"<p>W sprawie pyta\u0144 o produkt prosimy o kontakt telefoniczny.<\/p>\n","protected":false},"excerpt":{"rendered":"<p>W sprawie pyta\u0144 o produkt prosimy o kontakt telefoniczny.<\/p>\n","protected":false},"featured_media":1421,"comment_status":"open","ping_status":"closed","template":"","meta":[],"product_brand":[],"product_cat":[264],"product_tag":[],"class_list":{"0":"post-1426","1":"product","2":"type-product","3":"status-publish","4":"has-post-thumbnail","6":"product_cat-safety-cages","8":"first","9":"instock","10":"taxable","11":"shipping-taxable","12":"purchasable","13":"product-type-simple"},"yoast_head":"<!-- This site is optimized with the Yoast SEO plugin v25.1 - https:\/\/yoast.com\/wordpress\/plugins\/seo\/ -->\n<title>Nadowzie Mazda RX-8 z klatk\u0105 bezpiecze\u0144stwa - Jurczak Auto Sport<\/title>\n<meta name=\"robots\" content=\"index, follow, max-snippet:-1, max-image-preview:large, max-video-preview:-1\" \/>\n<link rel=\"canonical\" href=\"https:\/\/jurczakautosport.pl\/sklep\/produkt\/bez-kategorii\/nadowzie-mazda-rx-8-z-klatka-bezpieczenstwa\/\" \/>\n<meta property=\"og:locale\" content=\"pl_PL\" \/>\n<meta property=\"og:type\" content=\"article\" \/>\n<meta property=\"og:title\" content=\"Nadowzie Mazda RX-8 z klatk\u0105 bezpiecze\u0144stwa - Jurczak Auto Sport\" \/>\n<meta property=\"og:description\" content=\"W sprawie pyta\u0144 o produkt prosimy o kontakt telefoniczny.\" \/>\n<meta property=\"og:url\" content=\"https:\/\/jurczakautosport.pl\/sklep\/produkt\/bez-kategorii\/nadowzie-mazda-rx-8-z-klatka-bezpieczenstwa\/\" \/>\n<meta property=\"og:site_name\" content=\"Jurczak Auto Sport\" \/>\n<meta property=\"article:modified_time\" content=\"2025-06-01T23:24:34+00:00\" \/>\n<meta name=\"twitter:card\" content=\"summary_large_image\" \/>\n<script type=\"application\/ld+json\" class=\"yoast-schema-graph\">{\"@context\":\"https:\/\/schema.org\",\"@graph\":[{\"@type\":\"WebPage\",\"@id\":\"https:\/\/jurczakautosport.pl\/sklep\/produkt\/bez-kategorii\/nadowzie-mazda-rx-8-z-klatka-bezpieczenstwa\/\",\"url\":\"https:\/\/jurczakautosport.pl\/sklep\/produkt\/bez-kategorii\/nadowzie-mazda-rx-8-z-klatka-bezpieczenstwa\/\",\"name\":\"Nadowzie Mazda RX-8 z klatk\u0105 bezpiecze\u0144stwa - Jurczak Auto Sport\",\"isPartOf\":{\"@id\":\"https:\/\/jurczakautosport.pl\/sklep\/#website\"},\"primaryImageOfPage\":{\"@id\":\"https:\/\/jurczakautosport.pl\/sklep\/produkt\/bez-kategorii\/nadowzie-mazda-rx-8-z-klatka-bezpieczenstwa\/#primaryimage\"},\"image\":{\"@id\":\"https:\/\/jurczakautosport.pl\/sklep\/produkt\/bez-kategorii\/nadowzie-mazda-rx-8-z-klatka-bezpieczenstwa\/#primaryimage\"},\"thumbnailUrl\":\"https:\/\/jurczakautosport.pl\/sklep\/wp-content\/uploads\/2024\/11\/ec2ebfa6bbd1ec37fc20d4dfe9be248c.jpg\",\"datePublished\":\"2024-11-22T10:02:10+00:00\",\"dateModified\":\"2025-06-01T23:24:34+00:00\",\"breadcrumb\":{\"@id\":\"https:\/\/jurczakautosport.pl\/sklep\/produkt\/bez-kategorii\/nadowzie-mazda-rx-8-z-klatka-bezpieczenstwa\/#breadcrumb\"},\"inLanguage\":\"pl-PL\",\"potentialAction\":[{\"@type\":\"ReadAction\",\"target\":[\"https:\/\/jurczakautosport.pl\/sklep\/produkt\/bez-kategorii\/nadowzie-mazda-rx-8-z-klatka-bezpieczenstwa\/\"]}]},{\"@type\":\"ImageObject\",\"inLanguage\":\"pl-PL\",\"@id\":\"https:\/\/jurczakautosport.pl\/sklep\/produkt\/bez-kategorii\/nadowzie-mazda-rx-8-z-klatka-bezpieczenstwa\/#primaryimage\",\"url\":\"https:\/\/jurczakautosport.pl\/sklep\/wp-content\/uploads\/2024\/11\/ec2ebfa6bbd1ec37fc20d4dfe9be248c.jpg\",\"contentUrl\":\"https:\/\/jurczakautosport.pl\/sklep\/wp-content\/uploads\/2024\/11\/ec2ebfa6bbd1ec37fc20d4dfe9be248c.jpg\",\"width\":2519,\"height\":1889},{\"@type\":\"BreadcrumbList\",\"@id\":\"https:\/\/jurczakautosport.pl\/sklep\/produkt\/bez-kategorii\/nadowzie-mazda-rx-8-z-klatka-bezpieczenstwa\/#breadcrumb\",\"itemListElement\":[{\"@type\":\"ListItem\",\"position\":1,\"name\":\"Sklep Jurczak Auto Sport\",\"item\":\"https:\/\/jurczakautosport.pl\/sklep\/\"},{\"@type\":\"ListItem\",\"position\":2,\"name\":\"Strona g\u0142\u00f3wna\",\"item\":\"https:\/\/jurczakautosport.pl\/sklep\/\"},{\"@type\":\"ListItem\",\"position\":3,\"name\":\"Nadowzie Mazda RX-8 z klatk\u0105 bezpiecze\u0144stwa\"}]},{\"@type\":\"WebSite\",\"@id\":\"https:\/\/jurczakautosport.pl\/sklep\/#website\",\"url\":\"https:\/\/jurczakautosport.pl\/sklep\/\",\"name\":\"Jurczak Auto Sport\",\"description\":\"uk\u0142ady wydechowe Bia\u0142ystok\",\"publisher\":{\"@id\":\"https:\/\/jurczakautosport.pl\/sklep\/#organization\"},\"potentialAction\":[{\"@type\":\"SearchAction\",\"target\":{\"@type\":\"EntryPoint\",\"urlTemplate\":\"https:\/\/jurczakautosport.pl\/sklep\/?s={search_term_string}\"},\"query-input\":{\"@type\":\"PropertyValueSpecification\",\"valueRequired\":true,\"valueName\":\"search_term_string\"}}],\"inLanguage\":\"pl-PL\"},{\"@type\":\"Organization\",\"@id\":\"https:\/\/jurczakautosport.pl\/sklep\/#organization\",\"name\":\"Jurczak Auto Sport\",\"url\":\"https:\/\/jurczakautosport.pl\/sklep\/\",\"logo\":{\"@type\":\"ImageObject\",\"inLanguage\":\"pl-PL\",\"@id\":\"https:\/\/jurczakautosport.pl\/sklep\/#\/schema\/logo\/image\/\",\"url\":\"https:\/\/jurczakautosport.pl\/sklep\/wp-content\/uploads\/2021\/03\/jurczak-logo.jpg\",\"contentUrl\":\"https:\/\/jurczakautosport.pl\/sklep\/wp-content\/uploads\/2021\/03\/jurczak-logo.jpg\",\"width\":1600,\"height\":198,\"caption\":\"Jurczak Auto Sport\"},\"image\":{\"@id\":\"https:\/\/jurczakautosport.pl\/sklep\/#\/schema\/logo\/image\/\"}}]}<\/script>\n<!-- \/ Yoast SEO plugin. -->","yoast_head_json":{"title":"Nadowzie Mazda RX-8 z klatk\u0105 bezpiecze\u0144stwa - Jurczak Auto Sport","robots":{"index":"index","follow":"follow","max-snippet":"max-snippet:-1","max-image-preview":"max-image-preview:large","max-video-preview":"max-video-preview:-1"},"canonical":"https:\/\/jurczakautosport.pl\/sklep\/produkt\/bez-kategorii\/nadowzie-mazda-rx-8-z-klatka-bezpieczenstwa\/","og_locale":"pl_PL","og_type":"article","og_title":"Nadowzie Mazda RX-8 z klatk\u0105 bezpiecze\u0144stwa - Jurczak Auto Sport","og_description":"W sprawie pyta\u0144 o produkt prosimy o kontakt telefoniczny.","og_url":"https:\/\/jurczakautosport.pl\/sklep\/produkt\/bez-kategorii\/nadowzie-mazda-rx-8-z-klatka-bezpieczenstwa\/","og_site_name":"Jurczak Auto Sport","article_modified_time":"2025-06-01T23:24:34+00:00","twitter_card":"summary_large_image","schema":{"@context":"https:\/\/schema.org","@graph":[{"@type":"WebPage","@id":"https:\/\/jurczakautosport.pl\/sklep\/produkt\/bez-kategorii\/nadowzie-mazda-rx-8-z-klatka-bezpieczenstwa\/","url":"https:\/\/jurczakautosport.pl\/sklep\/produkt\/bez-kategorii\/nadowzie-mazda-rx-8-z-klatka-bezpieczenstwa\/","name":"Nadowzie Mazda RX-8 z klatk\u0105 bezpiecze\u0144stwa - Jurczak Auto Sport","isPartOf":{"@id":"https:\/\/jurczakautosport.pl\/sklep\/#website"},"primaryImageOfPage":{"@id":"https:\/\/jurczakautosport.pl\/sklep\/produkt\/bez-kategorii\/nadowzie-mazda-rx-8-z-klatka-bezpieczenstwa\/#primaryimage"},"image":{"@id":"https:\/\/jurczakautosport.pl\/sklep\/produkt\/bez-kategorii\/nadowzie-mazda-rx-8-z-klatka-bezpieczenstwa\/#primaryimage"},"thumbnailUrl":"https:\/\/jurczakautosport.pl\/sklep\/wp-content\/uploads\/2024\/11\/ec2ebfa6bbd1ec37fc20d4dfe9be248c.jpg","datePublished":"2024-11-22T10:02:10+00:00","dateModified":"2025-06-01T23:24:34+00:00","breadcrumb":{"@id":"https:\/\/jurczakautosport.pl\/sklep\/produkt\/bez-kategorii\/nadowzie-mazda-rx-8-z-klatka-bezpieczenstwa\/#breadcrumb"},"inLanguage":"pl-PL","potentialAction":[{"@type":"ReadAction","target":["https:\/\/jurczakautosport.pl\/sklep\/produkt\/bez-kategorii\/nadowzie-mazda-rx-8-z-klatka-bezpieczenstwa\/"]}]},{"@type":"ImageObject","inLanguage":"pl-PL","@id":"https:\/\/jurczakautosport.pl\/sklep\/produkt\/bez-kategorii\/nadowzie-mazda-rx-8-z-klatka-bezpieczenstwa\/#primaryimage","url":"https:\/\/jurczakautosport.pl\/sklep\/wp-content\/uploads\/2024\/11\/ec2ebfa6bbd1ec37fc20d4dfe9be248c.jpg","contentUrl":"https:\/\/jurczakautosport.pl\/sklep\/wp-content\/uploads\/2024\/11\/ec2ebfa6bbd1ec37fc20d4dfe9be248c.jpg","width":2519,"height":1889},{"@type":"BreadcrumbList","@id":"https:\/\/jurczakautosport.pl\/sklep\/produkt\/bez-kategorii\/nadowzie-mazda-rx-8-z-klatka-bezpieczenstwa\/#breadcrumb","itemListElement":[{"@type":"ListItem","position":1,"name":"Sklep Jurczak Auto Sport","item":"https:\/\/jurczakautosport.pl\/sklep\/"},{"@type":"ListItem","position":2,"name":"Strona g\u0142\u00f3wna","item":"https:\/\/jurczakautosport.pl\/sklep\/"},{"@type":"ListItem","position":3,"name":"Nadowzie Mazda RX-8 z klatk\u0105 bezpiecze\u0144stwa"}]},{"@type":"WebSite","@id":"https:\/\/jurczakautosport.pl\/sklep\/#website","url":"https:\/\/jurczakautosport.pl\/sklep\/","name":"Jurczak Auto Sport","description":"uk\u0142ady wydechowe Bia\u0142ystok","publisher":{"@id":"https:\/\/jurczakautosport.pl\/sklep\/#organization"},"potentialAction":[{"@type":"SearchAction","target":{"@type":"EntryPoint","urlTemplate":"https:\/\/jurczakautosport.pl\/sklep\/?s={search_term_string}"},"query-input":{"@type":"PropertyValueSpecification","valueRequired":true,"valueName":"search_term_string"}}],"inLanguage":"pl-PL"},{"@type":"Organization","@id":"https:\/\/jurczakautosport.pl\/sklep\/#organization","name":"Jurczak Auto Sport","url":"https:\/\/jurczakautosport.pl\/sklep\/","logo":{"@type":"ImageObject","inLanguage":"pl-PL","@id":"https:\/\/jurczakautosport.pl\/sklep\/#\/schema\/logo\/image\/","url":"https:\/\/jurczakautosport.pl\/sklep\/wp-content\/uploads\/2021\/03\/jurczak-logo.jpg","contentUrl":"https:\/\/jurczakautosport.pl\/sklep\/wp-content\/uploads\/2021\/03\/jurczak-logo.jpg","width":1600,"height":198,"caption":"Jurczak Auto Sport"},"image":{"@id":"https:\/\/jurczakautosport.pl\/sklep\/#\/schema\/logo\/image\/"}}]}},"_links":{"self":[{"href":"https:\/\/jurczakautosport.pl\/sklep\/wp-json\/wp\/v2\/product\/1426","targetHints":{"allow":["GET"]}}],"collection":[{"href":"https:\/\/jurczakautosport.pl\/sklep\/wp-json\/wp\/v2\/product"}],"about":[{"href":"https:\/\/jurczakautosport.pl\/sklep\/wp-json\/wp\/v2\/types\/product"}],"replies":[{"embeddable":true,"href":"https:\/\/jurczakautosport.pl\/sklep\/wp-json\/wp\/v2\/comments?post=1426"}],"wp:featuredmedia":[{"embeddable":true,"href":"https:\/\/jurczakautosport.pl\/sklep\/wp-json\/wp\/v2\/media\/1421"}],"wp:attachment":[{"href":"https:\/\/jurczakautosport.pl\/sklep\/wp-json\/wp\/v2\/media?parent=1426"}],"wp:term":[{"taxonomy":"product_brand","embeddable":true,"href":"https:\/\/jurczakautosport.pl\/sklep\/wp-json\/wp\/v2\/product_brand?post=1426"},{"taxonomy":"product_cat","embeddable":true,"href":"https:\/\/jurczakautosport.pl\/sklep\/wp-json\/wp\/v2\/product_cat?post=1426"},{"taxonomy":"product_tag","embeddable":true,"href":"https:\/\/jurczakautosport.pl\/sklep\/wp-json\/wp\/v2\/product_tag?post=1426"}],"curies":[{"name":"wp","href":"https:\/\/api.w.org\/{rel}","templated":true}]}}