{"id":384,"date":"2021-03-27T18:29:36","date_gmt":"2021-03-27T17:29:36","guid":{"rendered":"https:\/\/jurczakautosport.pl\/sklep\/?post_type=product&#038;p=384"},"modified":"2025-06-02T01:23:31","modified_gmt":"2025-06-01T23:23:31","slug":"fi-40-kolanko-15","status":"publish","type":"product","link":"https:\/\/jurczakautosport.pl\/sklep\/produkt\/kolanka-material-304\/kolanka-bez-kielicha\/fi-40-bez-kielicha\/fi-40-kolanko-15\/","title":{"rendered":"Kolanko nierdzewne fi 40mm 15\u00b0"},"content":{"rendered":"<p>Kolanko wykonane ze stali nierdzewnej, <span class=\"aCOpRe\">gatunku AISI 304, promie\u0144 gi\u0119cia CLR 60 mm, wykonane zosta\u0142o na gi\u0119tarce trzpieniowej, z prostego odcinka rury ze szwem o \u015brednicy 40 mm, d\u0142ugo\u015bci 248 mm,\u00a0 grubo\u015b\u0107 \u015bcianki 1,5 mm. Kolanka wykorzysta\u0107 mo\u017cna do budowy uk\u0142ad\u00f3w wydechowych, standardowe k\u0105ty gi\u0119cia co 15 stopni. Na zam\u00f3wienie mo\u017cemy wykona\u0107 dowolne k\u0105ty gi\u0119cia dla poszczeg\u00f3lnych \u015brednic. Zdj\u0119cia pogl\u0105dowe, tolerancje d\u0142ugo\u015bci (+ -) 2 mm.<\/span><\/p>\n<p><span class=\"aCOpRe\">\u00a0<\/span><\/p>\n","protected":false},"excerpt":{"rendered":"<p><strong>Materia\u0142: <\/strong>stal nierdzewna (304 AISI)<\/p>\n<p><strong>K\u0105t:<\/strong> 15\u00b0<\/p>\n<p><strong>Grubo\u015b\u0107 \u015bcianki: <\/strong>1,5 mm<\/p>\n<p><strong>Promie\u0144 gi\u0119cia:<\/strong> 60 mm<\/p>\n<p>&nbsp;<\/p>\n","protected":false},"featured_media":479,"comment_status":"closed","ping_status":"closed","template":"","meta":[],"product_brand":[],"product_cat":[82],"product_tag":[138,145,228,139,93,141,224,74,156,147,149,23,152,154,143,223,227,144,222,142,226,225,146,157,155,126,140],"class_list":{"0":"post-384","1":"product","2":"type-product","3":"status-publish","4":"has-post-thumbnail","6":"product_cat-fi-40-bez-kielicha","7":"product_tag-kolana-nierdzewne","8":"product_tag-kolana-nierdzewne-wydech","9":"product_tag-kolanka-giete","10":"product_tag-kolanka-nierdzewne","11":"product_tag-kolanka-stal-nierdzewna","12":"product_tag-kolanka-wydech","13":"product_tag-kolanko","14":"product_tag-kolanko-15","15":"product_tag-kolanko-180","16":"product_tag-kolanko-30","17":"product_tag-kolanko-45","18":"product_tag-kolanko-60","19":"product_tag-kolanko-75","20":"product_tag-kolanko-90","21":"product_tag-kolanko-inox","22":"product_tag-kolano","23":"product_tag-kolano-giete","24":"product_tag-kolano-inox","25":"product_tag-kolano-nierdzewne","26":"product_tag-kolano-wydech","27":"product_tag-kwasowka","28":"product_tag-nierdzewka","29":"product_tag-rura-gieta-15","30":"product_tag-rura-gieta-180","31":"product_tag-rura-gieta-90","32":"product_tag-rura-nierdzewna","33":"product_tag-wydech","34":"product_shipping_class-wysylka-2-4-dni","36":"first","37":"outofstock","38":"taxable","39":"shipping-taxable","40":"purchasable","41":"product-type-simple"},"yoast_head":"<!-- This site is optimized with the Yoast SEO plugin v25.1 - https:\/\/yoast.com\/wordpress\/plugins\/seo\/ -->\n<title>Kolanko nierdzewne fi 40mm 15\u00b0 - Jurczak Auto Sport<\/title>\n<meta name=\"robots\" content=\"index, follow, max-snippet:-1, max-image-preview:large, max-video-preview:-1\" \/>\n<link rel=\"canonical\" href=\"https:\/\/jurczakautosport.pl\/sklep\/produkt\/kolanka-material-304\/kolanka-bez-kielicha\/fi-40-bez-kielicha\/fi-40-kolanko-15\/\" \/>\n<meta property=\"og:locale\" content=\"pl_PL\" \/>\n<meta property=\"og:type\" content=\"article\" \/>\n<meta property=\"og:title\" content=\"Kolanko nierdzewne fi 40mm 15\u00b0 - Jurczak Auto Sport\" \/>\n<meta property=\"og:description\" content=\"Materia\u0142: stal nierdzewna (304 AISI)  K\u0105t: 15\u00b0  Grubo\u015b\u0107 \u015bcianki: 1,5 mm  Promie\u0144 gi\u0119cia: 60 mm  &nbsp;\" \/>\n<meta property=\"og:url\" content=\"https:\/\/jurczakautosport.pl\/sklep\/produkt\/kolanka-material-304\/kolanka-bez-kielicha\/fi-40-bez-kielicha\/fi-40-kolanko-15\/\" \/>\n<meta property=\"og:site_name\" content=\"Jurczak Auto Sport\" \/>\n<meta property=\"article:modified_time\" content=\"2025-06-01T23:23:31+00:00\" \/>\n<meta property=\"og:image\" content=\"https:\/\/jurczakautosport.pl\/sklep\/wp-content\/uploads\/2021\/04\/15_bezkielicha-scaled-e1617551141315.jpg\" \/>\n\t<meta property=\"og:image:width\" content=\"800\" \/>\n\t<meta property=\"og:image:height\" content=\"600\" \/>\n\t<meta property=\"og:image:type\" content=\"image\/jpeg\" \/>\n<meta name=\"twitter:card\" content=\"summary_large_image\" \/>\n<meta name=\"twitter:label1\" content=\"Szacowany czas czytania\" \/>\n\t<meta name=\"twitter:data1\" content=\"1 minuta\" \/>\n<script type=\"application\/ld+json\" class=\"yoast-schema-graph\">{\"@context\":\"https:\/\/schema.org\",\"@graph\":[{\"@type\":\"WebPage\",\"@id\":\"https:\/\/jurczakautosport.pl\/sklep\/produkt\/kolanka-material-304\/kolanka-bez-kielicha\/fi-40-bez-kielicha\/fi-40-kolanko-15\/\",\"url\":\"https:\/\/jurczakautosport.pl\/sklep\/produkt\/kolanka-material-304\/kolanka-bez-kielicha\/fi-40-bez-kielicha\/fi-40-kolanko-15\/\",\"name\":\"Kolanko nierdzewne fi 40mm 15\u00b0 - Jurczak Auto Sport\",\"isPartOf\":{\"@id\":\"https:\/\/jurczakautosport.pl\/sklep\/#website\"},\"primaryImageOfPage\":{\"@id\":\"https:\/\/jurczakautosport.pl\/sklep\/produkt\/kolanka-material-304\/kolanka-bez-kielicha\/fi-40-bez-kielicha\/fi-40-kolanko-15\/#primaryimage\"},\"image\":{\"@id\":\"https:\/\/jurczakautosport.pl\/sklep\/produkt\/kolanka-material-304\/kolanka-bez-kielicha\/fi-40-bez-kielicha\/fi-40-kolanko-15\/#primaryimage\"},\"thumbnailUrl\":\"https:\/\/jurczakautosport.pl\/sklep\/wp-content\/uploads\/2021\/04\/15_bezkielicha-scaled-e1617551141315.jpg\",\"datePublished\":\"2021-03-27T17:29:36+00:00\",\"dateModified\":\"2025-06-01T23:23:31+00:00\",\"breadcrumb\":{\"@id\":\"https:\/\/jurczakautosport.pl\/sklep\/produkt\/kolanka-material-304\/kolanka-bez-kielicha\/fi-40-bez-kielicha\/fi-40-kolanko-15\/#breadcrumb\"},\"inLanguage\":\"pl-PL\",\"potentialAction\":[{\"@type\":\"ReadAction\",\"target\":[\"https:\/\/jurczakautosport.pl\/sklep\/produkt\/kolanka-material-304\/kolanka-bez-kielicha\/fi-40-bez-kielicha\/fi-40-kolanko-15\/\"]}]},{\"@type\":\"ImageObject\",\"inLanguage\":\"pl-PL\",\"@id\":\"https:\/\/jurczakautosport.pl\/sklep\/produkt\/kolanka-material-304\/kolanka-bez-kielicha\/fi-40-bez-kielicha\/fi-40-kolanko-15\/#primaryimage\",\"url\":\"https:\/\/jurczakautosport.pl\/sklep\/wp-content\/uploads\/2021\/04\/15_bezkielicha-scaled-e1617551141315.jpg\",\"contentUrl\":\"https:\/\/jurczakautosport.pl\/sklep\/wp-content\/uploads\/2021\/04\/15_bezkielicha-scaled-e1617551141315.jpg\",\"width\":800,\"height\":600},{\"@type\":\"BreadcrumbList\",\"@id\":\"https:\/\/jurczakautosport.pl\/sklep\/produkt\/kolanka-material-304\/kolanka-bez-kielicha\/fi-40-bez-kielicha\/fi-40-kolanko-15\/#breadcrumb\",\"itemListElement\":[{\"@type\":\"ListItem\",\"position\":1,\"name\":\"Sklep Jurczak Auto Sport\",\"item\":\"https:\/\/jurczakautosport.pl\/sklep\/\"},{\"@type\":\"ListItem\",\"position\":2,\"name\":\"Strona g\u0142\u00f3wna\",\"item\":\"https:\/\/jurczakautosport.pl\/sklep\/\"},{\"@type\":\"ListItem\",\"position\":3,\"name\":\"Kolanko nierdzewne fi 40mm 15\u00b0\"}]},{\"@type\":\"WebSite\",\"@id\":\"https:\/\/jurczakautosport.pl\/sklep\/#website\",\"url\":\"https:\/\/jurczakautosport.pl\/sklep\/\",\"name\":\"Jurczak Auto Sport\",\"description\":\"uk\u0142ady wydechowe Bia\u0142ystok\",\"publisher\":{\"@id\":\"https:\/\/jurczakautosport.pl\/sklep\/#organization\"},\"potentialAction\":[{\"@type\":\"SearchAction\",\"target\":{\"@type\":\"EntryPoint\",\"urlTemplate\":\"https:\/\/jurczakautosport.pl\/sklep\/?s={search_term_string}\"},\"query-input\":{\"@type\":\"PropertyValueSpecification\",\"valueRequired\":true,\"valueName\":\"search_term_string\"}}],\"inLanguage\":\"pl-PL\"},{\"@type\":\"Organization\",\"@id\":\"https:\/\/jurczakautosport.pl\/sklep\/#organization\",\"name\":\"Jurczak Auto Sport\",\"url\":\"https:\/\/jurczakautosport.pl\/sklep\/\",\"logo\":{\"@type\":\"ImageObject\",\"inLanguage\":\"pl-PL\",\"@id\":\"https:\/\/jurczakautosport.pl\/sklep\/#\/schema\/logo\/image\/\",\"url\":\"https:\/\/jurczakautosport.pl\/sklep\/wp-content\/uploads\/2021\/03\/jurczak-logo.jpg\",\"contentUrl\":\"https:\/\/jurczakautosport.pl\/sklep\/wp-content\/uploads\/2021\/03\/jurczak-logo.jpg\",\"width\":1600,\"height\":198,\"caption\":\"Jurczak Auto Sport\"},\"image\":{\"@id\":\"https:\/\/jurczakautosport.pl\/sklep\/#\/schema\/logo\/image\/\"}}]}<\/script>\n<!-- \/ Yoast SEO plugin. -->","yoast_head_json":{"title":"Kolanko nierdzewne fi 40mm 15\u00b0 - Jurczak Auto Sport","robots":{"index":"index","follow":"follow","max-snippet":"max-snippet:-1","max-image-preview":"max-image-preview:large","max-video-preview":"max-video-preview:-1"},"canonical":"https:\/\/jurczakautosport.pl\/sklep\/produkt\/kolanka-material-304\/kolanka-bez-kielicha\/fi-40-bez-kielicha\/fi-40-kolanko-15\/","og_locale":"pl_PL","og_type":"article","og_title":"Kolanko nierdzewne fi 40mm 15\u00b0 - Jurczak Auto Sport","og_description":"Materia\u0142: stal nierdzewna (304 AISI)  K\u0105t: 15\u00b0  Grubo\u015b\u0107 \u015bcianki: 1,5 mm  Promie\u0144 gi\u0119cia: 60 mm  &nbsp;","og_url":"https:\/\/jurczakautosport.pl\/sklep\/produkt\/kolanka-material-304\/kolanka-bez-kielicha\/fi-40-bez-kielicha\/fi-40-kolanko-15\/","og_site_name":"Jurczak Auto Sport","article_modified_time":"2025-06-01T23:23:31+00:00","og_image":[{"width":800,"height":600,"url":"https:\/\/jurczakautosport.pl\/sklep\/wp-content\/uploads\/2021\/04\/15_bezkielicha-scaled-e1617551141315.jpg","type":"image\/jpeg"}],"twitter_card":"summary_large_image","twitter_misc":{"Szacowany czas czytania":"1 minuta"},"schema":{"@context":"https:\/\/schema.org","@graph":[{"@type":"WebPage","@id":"https:\/\/jurczakautosport.pl\/sklep\/produkt\/kolanka-material-304\/kolanka-bez-kielicha\/fi-40-bez-kielicha\/fi-40-kolanko-15\/","url":"https:\/\/jurczakautosport.pl\/sklep\/produkt\/kolanka-material-304\/kolanka-bez-kielicha\/fi-40-bez-kielicha\/fi-40-kolanko-15\/","name":"Kolanko nierdzewne fi 40mm 15\u00b0 - Jurczak Auto Sport","isPartOf":{"@id":"https:\/\/jurczakautosport.pl\/sklep\/#website"},"primaryImageOfPage":{"@id":"https:\/\/jurczakautosport.pl\/sklep\/produkt\/kolanka-material-304\/kolanka-bez-kielicha\/fi-40-bez-kielicha\/fi-40-kolanko-15\/#primaryimage"},"image":{"@id":"https:\/\/jurczakautosport.pl\/sklep\/produkt\/kolanka-material-304\/kolanka-bez-kielicha\/fi-40-bez-kielicha\/fi-40-kolanko-15\/#primaryimage"},"thumbnailUrl":"https:\/\/jurczakautosport.pl\/sklep\/wp-content\/uploads\/2021\/04\/15_bezkielicha-scaled-e1617551141315.jpg","datePublished":"2021-03-27T17:29:36+00:00","dateModified":"2025-06-01T23:23:31+00:00","breadcrumb":{"@id":"https:\/\/jurczakautosport.pl\/sklep\/produkt\/kolanka-material-304\/kolanka-bez-kielicha\/fi-40-bez-kielicha\/fi-40-kolanko-15\/#breadcrumb"},"inLanguage":"pl-PL","potentialAction":[{"@type":"ReadAction","target":["https:\/\/jurczakautosport.pl\/sklep\/produkt\/kolanka-material-304\/kolanka-bez-kielicha\/fi-40-bez-kielicha\/fi-40-kolanko-15\/"]}]},{"@type":"ImageObject","inLanguage":"pl-PL","@id":"https:\/\/jurczakautosport.pl\/sklep\/produkt\/kolanka-material-304\/kolanka-bez-kielicha\/fi-40-bez-kielicha\/fi-40-kolanko-15\/#primaryimage","url":"https:\/\/jurczakautosport.pl\/sklep\/wp-content\/uploads\/2021\/04\/15_bezkielicha-scaled-e1617551141315.jpg","contentUrl":"https:\/\/jurczakautosport.pl\/sklep\/wp-content\/uploads\/2021\/04\/15_bezkielicha-scaled-e1617551141315.jpg","width":800,"height":600},{"@type":"BreadcrumbList","@id":"https:\/\/jurczakautosport.pl\/sklep\/produkt\/kolanka-material-304\/kolanka-bez-kielicha\/fi-40-bez-kielicha\/fi-40-kolanko-15\/#breadcrumb","itemListElement":[{"@type":"ListItem","position":1,"name":"Sklep Jurczak Auto Sport","item":"https:\/\/jurczakautosport.pl\/sklep\/"},{"@type":"ListItem","position":2,"name":"Strona g\u0142\u00f3wna","item":"https:\/\/jurczakautosport.pl\/sklep\/"},{"@type":"ListItem","position":3,"name":"Kolanko nierdzewne fi 40mm 15\u00b0"}]},{"@type":"WebSite","@id":"https:\/\/jurczakautosport.pl\/sklep\/#website","url":"https:\/\/jurczakautosport.pl\/sklep\/","name":"Jurczak Auto Sport","description":"uk\u0142ady wydechowe Bia\u0142ystok","publisher":{"@id":"https:\/\/jurczakautosport.pl\/sklep\/#organization"},"potentialAction":[{"@type":"SearchAction","target":{"@type":"EntryPoint","urlTemplate":"https:\/\/jurczakautosport.pl\/sklep\/?s={search_term_string}"},"query-input":{"@type":"PropertyValueSpecification","valueRequired":true,"valueName":"search_term_string"}}],"inLanguage":"pl-PL"},{"@type":"Organization","@id":"https:\/\/jurczakautosport.pl\/sklep\/#organization","name":"Jurczak Auto Sport","url":"https:\/\/jurczakautosport.pl\/sklep\/","logo":{"@type":"ImageObject","inLanguage":"pl-PL","@id":"https:\/\/jurczakautosport.pl\/sklep\/#\/schema\/logo\/image\/","url":"https:\/\/jurczakautosport.pl\/sklep\/wp-content\/uploads\/2021\/03\/jurczak-logo.jpg","contentUrl":"https:\/\/jurczakautosport.pl\/sklep\/wp-content\/uploads\/2021\/03\/jurczak-logo.jpg","width":1600,"height":198,"caption":"Jurczak Auto Sport"},"image":{"@id":"https:\/\/jurczakautosport.pl\/sklep\/#\/schema\/logo\/image\/"}}]}},"_links":{"self":[{"href":"https:\/\/jurczakautosport.pl\/sklep\/wp-json\/wp\/v2\/product\/384","targetHints":{"allow":["GET"]}}],"collection":[{"href":"https:\/\/jurczakautosport.pl\/sklep\/wp-json\/wp\/v2\/product"}],"about":[{"href":"https:\/\/jurczakautosport.pl\/sklep\/wp-json\/wp\/v2\/types\/product"}],"replies":[{"embeddable":true,"href":"https:\/\/jurczakautosport.pl\/sklep\/wp-json\/wp\/v2\/comments?post=384"}],"wp:featuredmedia":[{"embeddable":true,"href":"https:\/\/jurczakautosport.pl\/sklep\/wp-json\/wp\/v2\/media\/479"}],"wp:attachment":[{"href":"https:\/\/jurczakautosport.pl\/sklep\/wp-json\/wp\/v2\/media?parent=384"}],"wp:term":[{"taxonomy":"product_brand","embeddable":true,"href":"https:\/\/jurczakautosport.pl\/sklep\/wp-json\/wp\/v2\/product_brand?post=384"},{"taxonomy":"product_cat","embeddable":true,"href":"https:\/\/jurczakautosport.pl\/sklep\/wp-json\/wp\/v2\/product_cat?post=384"},{"taxonomy":"product_tag","embeddable":true,"href":"https:\/\/jurczakautosport.pl\/sklep\/wp-json\/wp\/v2\/product_tag?post=384"}],"curies":[{"name":"wp","href":"https:\/\/api.w.org\/{rel}","templated":true}]}}