{"id":410,"date":"2021-03-27T23:03:09","date_gmt":"2021-03-27T22:03:09","guid":{"rendered":"https:\/\/jurczakautosport.pl\/sklep\/?post_type=product&#038;p=410"},"modified":"2025-06-02T01:23:28","modified_gmt":"2025-06-01T23:23:28","slug":"o-635-mm-kolanko-30","status":"publish","type":"product","link":"https:\/\/jurczakautosport.pl\/sklep\/produkt\/kolanka-material-304\/kolanka-z-kielichem\/fi-635-z-kielichem\/o-635-mm-kolanko-30\/","title":{"rendered":"Kolanko nierdzewne fi 63,5mm z kielichem 30\u00b0"},"content":{"rendered":"<p><span class=\"aCOpRe\">Kolanko wykonane ze stali nierdzewnej gatunek AISI 304, promie\u0144 gi\u0119cia CLR 96 mm, kolanko wykonane zosta\u0142o z prostego odcinka rury ze szwem o \u015brednicy 63,5 mm, d\u0142ugo\u015bci 368 mm,\u00a0 grubo\u015bci \u015bcianki 1,5 mm\u00a0 na gi\u0119tarce trzpieniowej. Jedna z ko\u0144c\u00f3wek kolanka zosta\u0142a rozp\u0119czona na d\u0142ugo\u015bci 80 mm, umo\u017cliwia to \u0142\u0105czenie poszczeg\u00f3lnych kolanek, zmian\u0119 d\u0142ugo\u015bci poszczeg\u00f3lnych element\u00f3w ( bez konieczno\u015bci ci\u0119cia) oraz obracanie ich wzgl\u0119dem siebie. Zamawiaj\u0105c kolanka o r\u00f3\u017cnych k\u0105tach gi\u0119cia masz mo\u017cliwo\u015b\u0107 wykonania uk\u0142adu wydechowego bez konieczno\u015bci czasoch\u0142onnego dopasowywania i docinania tradycyjnych kolanek i prostych odcink\u00f3w rury.<\/span><\/p>\n","protected":false},"excerpt":{"rendered":"<p><strong>Materia\u0142: <\/strong>stal nierdzewna (304 AISI)<\/p>\n<p><strong>K\u0105t: <\/strong>30\u00b0<\/p>\n<p><strong>Grubo\u015b\u0107 \u015bcianki: <\/strong>1,5 mm<\/p>\n<p><strong>Promie\u0144 gi\u0119cia: <\/strong>96 mm<\/p>\n<p>&nbsp;<\/p>\n","protected":false},"featured_media":501,"comment_status":"closed","ping_status":"closed","template":"","meta":[],"product_brand":[],"product_cat":[67],"product_tag":[138,145,228,139,161,93,141,224,74,156,105,147,149,23,152,159,154,143,165,164,163,90,89,223,227,144,166,222,162,142,226,225,157,148,155,126,140,221],"class_list":{"0":"post-410","1":"product","2":"type-product","3":"status-publish","4":"has-post-thumbnail","6":"product_cat-fi-635-z-kielichem","7":"product_tag-kolana-nierdzewne","8":"product_tag-kolana-nierdzewne-wydech","9":"product_tag-kolanka-giete","10":"product_tag-kolanka-nierdzewne","11":"product_tag-kolanka-rozpeczone","12":"product_tag-kolanka-stal-nierdzewna","13":"product_tag-kolanka-wydech","14":"product_tag-kolanko","15":"product_tag-kolanko-15","16":"product_tag-kolanko-180","17":"product_tag-kolanko-30-stopni","18":"product_tag-kolanko-30","19":"product_tag-kolanko-45","20":"product_tag-kolanko-60","21":"product_tag-kolanko-75","22":"product_tag-kolanko-90-stopni","23":"product_tag-kolanko-90","24":"product_tag-kolanko-inox","25":"product_tag-kolanko-lacznik","26":"product_tag-kolanko-redukcja","27":"product_tag-kolanko-rozpeczone","28":"product_tag-kolanko-stal-304","29":"product_tag-kolanko-stal-nierdzewna","30":"product_tag-kolano","31":"product_tag-kolano-giete","32":"product_tag-kolano-inox","33":"product_tag-kolano-mufa","34":"product_tag-kolano-nierdzewne","35":"product_tag-kolano-rozpeczone","36":"product_tag-kolano-wydech","37":"product_tag-kwasowka","38":"product_tag-nierdzewka","39":"product_tag-rura-gieta-180","40":"product_tag-rura-gieta-30","41":"product_tag-rura-gieta-90","42":"product_tag-rura-nierdzewna","43":"product_tag-wydech","44":"product_tag-wydechkolana-nierdzewne","45":"product_shipping_class-wysylka-2-4-dni","47":"first","48":"outofstock","49":"taxable","50":"shipping-taxable","51":"purchasable","52":"product-type-simple"},"yoast_head":"<!-- This site is optimized with the Yoast SEO plugin v25.1 - https:\/\/yoast.com\/wordpress\/plugins\/seo\/ -->\n<title>Kolanko nierdzewne fi 63,5mm z kielichem 30\u00b0 - Jurczak Auto Sport<\/title>\n<meta name=\"robots\" content=\"index, follow, max-snippet:-1, max-image-preview:large, max-video-preview:-1\" \/>\n<link rel=\"canonical\" href=\"https:\/\/jurczakautosport.pl\/sklep\/produkt\/kolanka-material-304\/kolanka-z-kielichem\/fi-635-z-kielichem\/o-635-mm-kolanko-30\/\" \/>\n<meta property=\"og:locale\" content=\"pl_PL\" \/>\n<meta property=\"og:type\" content=\"article\" \/>\n<meta property=\"og:title\" content=\"Kolanko nierdzewne fi 63,5mm z kielichem 30\u00b0 - Jurczak Auto Sport\" \/>\n<meta property=\"og:description\" content=\"Materia\u0142: stal nierdzewna (304 AISI)  K\u0105t: 30\u00b0  Grubo\u015b\u0107 \u015bcianki: 1,5 mm  Promie\u0144 gi\u0119cia: 96 mm  &nbsp;\" \/>\n<meta property=\"og:url\" content=\"https:\/\/jurczakautosport.pl\/sklep\/produkt\/kolanka-material-304\/kolanka-z-kielichem\/fi-635-z-kielichem\/o-635-mm-kolanko-30\/\" \/>\n<meta property=\"og:site_name\" content=\"Jurczak Auto Sport\" \/>\n<meta property=\"article:modified_time\" content=\"2025-06-01T23:23:28+00:00\" \/>\n<meta property=\"og:image\" content=\"https:\/\/jurczakautosport.pl\/sklep\/wp-content\/uploads\/2021\/04\/30_kielich-e1617561459618.jpg\" \/>\n\t<meta property=\"og:image:width\" content=\"800\" \/>\n\t<meta property=\"og:image:height\" content=\"600\" \/>\n\t<meta property=\"og:image:type\" content=\"image\/jpeg\" \/>\n<meta name=\"twitter:card\" content=\"summary_large_image\" \/>\n<meta name=\"twitter:label1\" content=\"Szacowany czas czytania\" \/>\n\t<meta name=\"twitter:data1\" content=\"1 minuta\" \/>\n<script type=\"application\/ld+json\" class=\"yoast-schema-graph\">{\"@context\":\"https:\/\/schema.org\",\"@graph\":[{\"@type\":\"WebPage\",\"@id\":\"https:\/\/jurczakautosport.pl\/sklep\/produkt\/kolanka-material-304\/kolanka-z-kielichem\/fi-635-z-kielichem\/o-635-mm-kolanko-30\/\",\"url\":\"https:\/\/jurczakautosport.pl\/sklep\/produkt\/kolanka-material-304\/kolanka-z-kielichem\/fi-635-z-kielichem\/o-635-mm-kolanko-30\/\",\"name\":\"Kolanko nierdzewne fi 63,5mm z kielichem 30\u00b0 - Jurczak Auto Sport\",\"isPartOf\":{\"@id\":\"https:\/\/jurczakautosport.pl\/sklep\/#website\"},\"primaryImageOfPage\":{\"@id\":\"https:\/\/jurczakautosport.pl\/sklep\/produkt\/kolanka-material-304\/kolanka-z-kielichem\/fi-635-z-kielichem\/o-635-mm-kolanko-30\/#primaryimage\"},\"image\":{\"@id\":\"https:\/\/jurczakautosport.pl\/sklep\/produkt\/kolanka-material-304\/kolanka-z-kielichem\/fi-635-z-kielichem\/o-635-mm-kolanko-30\/#primaryimage\"},\"thumbnailUrl\":\"https:\/\/jurczakautosport.pl\/sklep\/wp-content\/uploads\/2021\/04\/30_kielich-e1617561459618.jpg\",\"datePublished\":\"2021-03-27T22:03:09+00:00\",\"dateModified\":\"2025-06-01T23:23:28+00:00\",\"breadcrumb\":{\"@id\":\"https:\/\/jurczakautosport.pl\/sklep\/produkt\/kolanka-material-304\/kolanka-z-kielichem\/fi-635-z-kielichem\/o-635-mm-kolanko-30\/#breadcrumb\"},\"inLanguage\":\"pl-PL\",\"potentialAction\":[{\"@type\":\"ReadAction\",\"target\":[\"https:\/\/jurczakautosport.pl\/sklep\/produkt\/kolanka-material-304\/kolanka-z-kielichem\/fi-635-z-kielichem\/o-635-mm-kolanko-30\/\"]}]},{\"@type\":\"ImageObject\",\"inLanguage\":\"pl-PL\",\"@id\":\"https:\/\/jurczakautosport.pl\/sklep\/produkt\/kolanka-material-304\/kolanka-z-kielichem\/fi-635-z-kielichem\/o-635-mm-kolanko-30\/#primaryimage\",\"url\":\"https:\/\/jurczakautosport.pl\/sklep\/wp-content\/uploads\/2021\/04\/30_kielich-e1617561459618.jpg\",\"contentUrl\":\"https:\/\/jurczakautosport.pl\/sklep\/wp-content\/uploads\/2021\/04\/30_kielich-e1617561459618.jpg\",\"width\":800,\"height\":600},{\"@type\":\"BreadcrumbList\",\"@id\":\"https:\/\/jurczakautosport.pl\/sklep\/produkt\/kolanka-material-304\/kolanka-z-kielichem\/fi-635-z-kielichem\/o-635-mm-kolanko-30\/#breadcrumb\",\"itemListElement\":[{\"@type\":\"ListItem\",\"position\":1,\"name\":\"Sklep Jurczak Auto Sport\",\"item\":\"https:\/\/jurczakautosport.pl\/sklep\/\"},{\"@type\":\"ListItem\",\"position\":2,\"name\":\"Strona g\u0142\u00f3wna\",\"item\":\"https:\/\/jurczakautosport.pl\/sklep\/\"},{\"@type\":\"ListItem\",\"position\":3,\"name\":\"Kolanko nierdzewne fi 63,5mm z kielichem 30\u00b0\"}]},{\"@type\":\"WebSite\",\"@id\":\"https:\/\/jurczakautosport.pl\/sklep\/#website\",\"url\":\"https:\/\/jurczakautosport.pl\/sklep\/\",\"name\":\"Jurczak Auto Sport\",\"description\":\"uk\u0142ady wydechowe Bia\u0142ystok\",\"publisher\":{\"@id\":\"https:\/\/jurczakautosport.pl\/sklep\/#organization\"},\"potentialAction\":[{\"@type\":\"SearchAction\",\"target\":{\"@type\":\"EntryPoint\",\"urlTemplate\":\"https:\/\/jurczakautosport.pl\/sklep\/?s={search_term_string}\"},\"query-input\":{\"@type\":\"PropertyValueSpecification\",\"valueRequired\":true,\"valueName\":\"search_term_string\"}}],\"inLanguage\":\"pl-PL\"},{\"@type\":\"Organization\",\"@id\":\"https:\/\/jurczakautosport.pl\/sklep\/#organization\",\"name\":\"Jurczak Auto Sport\",\"url\":\"https:\/\/jurczakautosport.pl\/sklep\/\",\"logo\":{\"@type\":\"ImageObject\",\"inLanguage\":\"pl-PL\",\"@id\":\"https:\/\/jurczakautosport.pl\/sklep\/#\/schema\/logo\/image\/\",\"url\":\"https:\/\/jurczakautosport.pl\/sklep\/wp-content\/uploads\/2021\/03\/jurczak-logo.jpg\",\"contentUrl\":\"https:\/\/jurczakautosport.pl\/sklep\/wp-content\/uploads\/2021\/03\/jurczak-logo.jpg\",\"width\":1600,\"height\":198,\"caption\":\"Jurczak Auto Sport\"},\"image\":{\"@id\":\"https:\/\/jurczakautosport.pl\/sklep\/#\/schema\/logo\/image\/\"}}]}<\/script>\n<!-- \/ Yoast SEO plugin. -->","yoast_head_json":{"title":"Kolanko nierdzewne fi 63,5mm z kielichem 30\u00b0 - Jurczak Auto Sport","robots":{"index":"index","follow":"follow","max-snippet":"max-snippet:-1","max-image-preview":"max-image-preview:large","max-video-preview":"max-video-preview:-1"},"canonical":"https:\/\/jurczakautosport.pl\/sklep\/produkt\/kolanka-material-304\/kolanka-z-kielichem\/fi-635-z-kielichem\/o-635-mm-kolanko-30\/","og_locale":"pl_PL","og_type":"article","og_title":"Kolanko nierdzewne fi 63,5mm z kielichem 30\u00b0 - Jurczak Auto Sport","og_description":"Materia\u0142: stal nierdzewna (304 AISI)  K\u0105t: 30\u00b0  Grubo\u015b\u0107 \u015bcianki: 1,5 mm  Promie\u0144 gi\u0119cia: 96 mm  &nbsp;","og_url":"https:\/\/jurczakautosport.pl\/sklep\/produkt\/kolanka-material-304\/kolanka-z-kielichem\/fi-635-z-kielichem\/o-635-mm-kolanko-30\/","og_site_name":"Jurczak Auto Sport","article_modified_time":"2025-06-01T23:23:28+00:00","og_image":[{"width":800,"height":600,"url":"https:\/\/jurczakautosport.pl\/sklep\/wp-content\/uploads\/2021\/04\/30_kielich-e1617561459618.jpg","type":"image\/jpeg"}],"twitter_card":"summary_large_image","twitter_misc":{"Szacowany czas czytania":"1 minuta"},"schema":{"@context":"https:\/\/schema.org","@graph":[{"@type":"WebPage","@id":"https:\/\/jurczakautosport.pl\/sklep\/produkt\/kolanka-material-304\/kolanka-z-kielichem\/fi-635-z-kielichem\/o-635-mm-kolanko-30\/","url":"https:\/\/jurczakautosport.pl\/sklep\/produkt\/kolanka-material-304\/kolanka-z-kielichem\/fi-635-z-kielichem\/o-635-mm-kolanko-30\/","name":"Kolanko nierdzewne fi 63,5mm z kielichem 30\u00b0 - Jurczak Auto Sport","isPartOf":{"@id":"https:\/\/jurczakautosport.pl\/sklep\/#website"},"primaryImageOfPage":{"@id":"https:\/\/jurczakautosport.pl\/sklep\/produkt\/kolanka-material-304\/kolanka-z-kielichem\/fi-635-z-kielichem\/o-635-mm-kolanko-30\/#primaryimage"},"image":{"@id":"https:\/\/jurczakautosport.pl\/sklep\/produkt\/kolanka-material-304\/kolanka-z-kielichem\/fi-635-z-kielichem\/o-635-mm-kolanko-30\/#primaryimage"},"thumbnailUrl":"https:\/\/jurczakautosport.pl\/sklep\/wp-content\/uploads\/2021\/04\/30_kielich-e1617561459618.jpg","datePublished":"2021-03-27T22:03:09+00:00","dateModified":"2025-06-01T23:23:28+00:00","breadcrumb":{"@id":"https:\/\/jurczakautosport.pl\/sklep\/produkt\/kolanka-material-304\/kolanka-z-kielichem\/fi-635-z-kielichem\/o-635-mm-kolanko-30\/#breadcrumb"},"inLanguage":"pl-PL","potentialAction":[{"@type":"ReadAction","target":["https:\/\/jurczakautosport.pl\/sklep\/produkt\/kolanka-material-304\/kolanka-z-kielichem\/fi-635-z-kielichem\/o-635-mm-kolanko-30\/"]}]},{"@type":"ImageObject","inLanguage":"pl-PL","@id":"https:\/\/jurczakautosport.pl\/sklep\/produkt\/kolanka-material-304\/kolanka-z-kielichem\/fi-635-z-kielichem\/o-635-mm-kolanko-30\/#primaryimage","url":"https:\/\/jurczakautosport.pl\/sklep\/wp-content\/uploads\/2021\/04\/30_kielich-e1617561459618.jpg","contentUrl":"https:\/\/jurczakautosport.pl\/sklep\/wp-content\/uploads\/2021\/04\/30_kielich-e1617561459618.jpg","width":800,"height":600},{"@type":"BreadcrumbList","@id":"https:\/\/jurczakautosport.pl\/sklep\/produkt\/kolanka-material-304\/kolanka-z-kielichem\/fi-635-z-kielichem\/o-635-mm-kolanko-30\/#breadcrumb","itemListElement":[{"@type":"ListItem","position":1,"name":"Sklep Jurczak Auto Sport","item":"https:\/\/jurczakautosport.pl\/sklep\/"},{"@type":"ListItem","position":2,"name":"Strona g\u0142\u00f3wna","item":"https:\/\/jurczakautosport.pl\/sklep\/"},{"@type":"ListItem","position":3,"name":"Kolanko nierdzewne fi 63,5mm z kielichem 30\u00b0"}]},{"@type":"WebSite","@id":"https:\/\/jurczakautosport.pl\/sklep\/#website","url":"https:\/\/jurczakautosport.pl\/sklep\/","name":"Jurczak Auto Sport","description":"uk\u0142ady wydechowe Bia\u0142ystok","publisher":{"@id":"https:\/\/jurczakautosport.pl\/sklep\/#organization"},"potentialAction":[{"@type":"SearchAction","target":{"@type":"EntryPoint","urlTemplate":"https:\/\/jurczakautosport.pl\/sklep\/?s={search_term_string}"},"query-input":{"@type":"PropertyValueSpecification","valueRequired":true,"valueName":"search_term_string"}}],"inLanguage":"pl-PL"},{"@type":"Organization","@id":"https:\/\/jurczakautosport.pl\/sklep\/#organization","name":"Jurczak Auto Sport","url":"https:\/\/jurczakautosport.pl\/sklep\/","logo":{"@type":"ImageObject","inLanguage":"pl-PL","@id":"https:\/\/jurczakautosport.pl\/sklep\/#\/schema\/logo\/image\/","url":"https:\/\/jurczakautosport.pl\/sklep\/wp-content\/uploads\/2021\/03\/jurczak-logo.jpg","contentUrl":"https:\/\/jurczakautosport.pl\/sklep\/wp-content\/uploads\/2021\/03\/jurczak-logo.jpg","width":1600,"height":198,"caption":"Jurczak Auto Sport"},"image":{"@id":"https:\/\/jurczakautosport.pl\/sklep\/#\/schema\/logo\/image\/"}}]}},"_links":{"self":[{"href":"https:\/\/jurczakautosport.pl\/sklep\/wp-json\/wp\/v2\/product\/410","targetHints":{"allow":["GET"]}}],"collection":[{"href":"https:\/\/jurczakautosport.pl\/sklep\/wp-json\/wp\/v2\/product"}],"about":[{"href":"https:\/\/jurczakautosport.pl\/sklep\/wp-json\/wp\/v2\/types\/product"}],"replies":[{"embeddable":true,"href":"https:\/\/jurczakautosport.pl\/sklep\/wp-json\/wp\/v2\/comments?post=410"}],"wp:featuredmedia":[{"embeddable":true,"href":"https:\/\/jurczakautosport.pl\/sklep\/wp-json\/wp\/v2\/media\/501"}],"wp:attachment":[{"href":"https:\/\/jurczakautosport.pl\/sklep\/wp-json\/wp\/v2\/media?parent=410"}],"wp:term":[{"taxonomy":"product_brand","embeddable":true,"href":"https:\/\/jurczakautosport.pl\/sklep\/wp-json\/wp\/v2\/product_brand?post=410"},{"taxonomy":"product_cat","embeddable":true,"href":"https:\/\/jurczakautosport.pl\/sklep\/wp-json\/wp\/v2\/product_cat?post=410"},{"taxonomy":"product_tag","embeddable":true,"href":"https:\/\/jurczakautosport.pl\/sklep\/wp-json\/wp\/v2\/product_tag?post=410"}],"curies":[{"name":"wp","href":"https:\/\/api.w.org\/{rel}","templated":true}]}}