{"id":457,"date":"2021-03-28T19:45:04","date_gmt":"2021-03-28T17:45:04","guid":{"rendered":"https:\/\/jurczakautosport.pl\/sklep\/?post_type=product&#038;p=457"},"modified":"2025-06-02T01:22:32","modified_gmt":"2025-06-01T23:22:32","slug":"o-761-mm-kolanko-180-2","status":"publish","type":"product","link":"https:\/\/jurczakautosport.pl\/sklep\/produkt\/kolanka-material-304\/kolanka-bez-kielicha\/fi-761-bez-kielicha\/o-761-mm-kolanko-180-2\/","title":{"rendered":"Kolanko nierdzewne fi 76,1mm 180\u00b0"},"content":{"rendered":"<p><span class=\"aCOpRe\">Kolanko wykonane ze stali nierdzewnej, gatunku AISI 304, promie\u0144 gi\u0119cia CLR 152 mm, wykonane zosta\u0142o na gi\u0119tarce trzpieniowej, z prostego odcinka rury ze szwem o \u015brednicy 76,1 mm, d\u0142ugo\u015bci 858 mm,\u00a0 grubo\u015b\u0107 \u015bcianki 1,6 mm. Kolanka wykorzysta\u0107 mo\u017cna do budowy uk\u0142ad\u00f3w wydechowych, standardowe k\u0105ty gi\u0119cia co 15 stopni. Zdj\u0119cia pogl\u0105dowe, tolerancje d\u0142ugo\u015bci (+ -) 2 mm.\u00a0<\/span><\/p>\n<p>Kolano nadaje si\u0119 doskonale do uk\u0142ad\u00f3w wydechowych w pojazdach ci\u0119\u017carowych, ci\u0105gnikach rolniczych i innych maszynach roboczych. Mo\u017cna je wykorzysta\u0107 podczas zast\u0119powania filtra DPF.<\/p>\n<p><span class=\"aCOpRe\">Na zam\u00f3wienie mo\u017cemy wykona\u0107 dowolne k\u0105ty gi\u0119cia dla poszczeg\u00f3lnych \u015brednic.\u00a0<\/span><\/p>\n<p><span class=\"aCOpRe\">\u00a0<\/span><\/p>\n","protected":false},"excerpt":{"rendered":"<p><strong>Materia\u0142: <\/strong>stal nierdzewna (304 AISI)<\/p>\n<p><strong>K\u0105t: <\/strong>180\u00b0<\/p>\n<p><strong>Grubo\u015b\u0107 \u015bcianki: <\/strong>1,6 mm<\/p>\n<p><strong>Promie\u0144 gi\u0119cia: <\/strong>152 mm<\/p>\n<p>&nbsp;<\/p>\n","protected":false},"featured_media":485,"comment_status":"closed","ping_status":"closed","template":"","meta":[],"product_brand":[],"product_cat":[87],"product_tag":[220,208,212,213,217,215,138,145,228,139,93,141,224,74,160,156,147,149,23,152,154,143,90,89,223,227,144,222,142,226,225,157,155,126,210,219,211,209,216,140,207,214,206],"class_list":{"0":"post-457","1":"product","2":"type-product","3":"status-publish","4":"has-post-thumbnail","6":"product_cat-fi-761-bez-kielicha","7":"product_tag-case-wydech","8":"product_tag-ciagnik-rolniczy","9":"product_tag-ciezarowka","10":"product_tag-ciezarowy-wydech","11":"product_tag-class-wydech","12":"product_tag-john-deere-wydech","13":"product_tag-kolana-nierdzewne","14":"product_tag-kolana-nierdzewne-wydech","15":"product_tag-kolanka-giete","16":"product_tag-kolanka-nierdzewne","17":"product_tag-kolanka-stal-nierdzewna","18":"product_tag-kolanka-wydech","19":"product_tag-kolanko","20":"product_tag-kolanko-15","21":"product_tag-kolanko-180-stopni","22":"product_tag-kolanko-180","23":"product_tag-kolanko-30","24":"product_tag-kolanko-45","25":"product_tag-kolanko-60","26":"product_tag-kolanko-75","27":"product_tag-kolanko-90","28":"product_tag-kolanko-inox","29":"product_tag-kolanko-stal-304","30":"product_tag-kolanko-stal-nierdzewna","31":"product_tag-kolano","32":"product_tag-kolano-giete","33":"product_tag-kolano-inox","34":"product_tag-kolano-nierdzewne","35":"product_tag-kolano-wydech","36":"product_tag-kwasowka","37":"product_tag-nierdzewka","38":"product_tag-rura-gieta-180","39":"product_tag-rura-gieta-90","40":"product_tag-rura-nierdzewna","41":"product_tag-samochod-dostawczy","42":"product_tag-steyr-wydech","43":"product_tag-tir","44":"product_tag-traktor-uklad-wydechowy","45":"product_tag-valtra-wydech","46":"product_tag-wydech","47":"product_tag-wydech-ciagnik","48":"product_tag-wydech-koparka","49":"product_tag-wydech-traktor","50":"product_shipping_class-wysylka-2-4-dni","52":"first","53":"outofstock","54":"taxable","55":"shipping-taxable","56":"purchasable","57":"product-type-simple"},"yoast_head":"<!-- This site is optimized with the Yoast SEO plugin v25.1 - https:\/\/yoast.com\/wordpress\/plugins\/seo\/ -->\n<title>Kolanko nierdzewne fi 76,1mm 180\u00b0 - Jurczak Auto Sport<\/title>\n<meta name=\"robots\" content=\"index, follow, max-snippet:-1, max-image-preview:large, max-video-preview:-1\" \/>\n<link rel=\"canonical\" href=\"https:\/\/jurczakautosport.pl\/sklep\/produkt\/kolanka-material-304\/kolanka-bez-kielicha\/fi-761-bez-kielicha\/o-761-mm-kolanko-180-2\/\" \/>\n<meta property=\"og:locale\" content=\"pl_PL\" \/>\n<meta property=\"og:type\" content=\"article\" \/>\n<meta property=\"og:title\" content=\"Kolanko nierdzewne fi 76,1mm 180\u00b0 - Jurczak Auto Sport\" \/>\n<meta property=\"og:description\" content=\"Materia\u0142: stal nierdzewna (304 AISI)  K\u0105t: 180\u00b0  Grubo\u015b\u0107 \u015bcianki: 1,6 mm  Promie\u0144 gi\u0119cia: 152 mm  &nbsp;\" \/>\n<meta property=\"og:url\" content=\"https:\/\/jurczakautosport.pl\/sklep\/produkt\/kolanka-material-304\/kolanka-bez-kielicha\/fi-761-bez-kielicha\/o-761-mm-kolanko-180-2\/\" \/>\n<meta property=\"og:site_name\" content=\"Jurczak Auto Sport\" \/>\n<meta property=\"article:modified_time\" content=\"2025-06-01T23:22:32+00:00\" \/>\n<meta property=\"og:image\" content=\"https:\/\/jurczakautosport.pl\/sklep\/wp-content\/uploads\/2021\/04\/180_bezkielicha-scaled-e1617550982217.jpg\" \/>\n\t<meta property=\"og:image:width\" content=\"800\" \/>\n\t<meta property=\"og:image:height\" content=\"600\" \/>\n\t<meta property=\"og:image:type\" content=\"image\/jpeg\" \/>\n<meta name=\"twitter:card\" content=\"summary_large_image\" \/>\n<meta name=\"twitter:label1\" content=\"Szacowany czas czytania\" \/>\n\t<meta name=\"twitter:data1\" content=\"1 minuta\" \/>\n<script type=\"application\/ld+json\" class=\"yoast-schema-graph\">{\"@context\":\"https:\/\/schema.org\",\"@graph\":[{\"@type\":\"WebPage\",\"@id\":\"https:\/\/jurczakautosport.pl\/sklep\/produkt\/kolanka-material-304\/kolanka-bez-kielicha\/fi-761-bez-kielicha\/o-761-mm-kolanko-180-2\/\",\"url\":\"https:\/\/jurczakautosport.pl\/sklep\/produkt\/kolanka-material-304\/kolanka-bez-kielicha\/fi-761-bez-kielicha\/o-761-mm-kolanko-180-2\/\",\"name\":\"Kolanko nierdzewne fi 76,1mm 180\u00b0 - Jurczak Auto Sport\",\"isPartOf\":{\"@id\":\"https:\/\/jurczakautosport.pl\/sklep\/#website\"},\"primaryImageOfPage\":{\"@id\":\"https:\/\/jurczakautosport.pl\/sklep\/produkt\/kolanka-material-304\/kolanka-bez-kielicha\/fi-761-bez-kielicha\/o-761-mm-kolanko-180-2\/#primaryimage\"},\"image\":{\"@id\":\"https:\/\/jurczakautosport.pl\/sklep\/produkt\/kolanka-material-304\/kolanka-bez-kielicha\/fi-761-bez-kielicha\/o-761-mm-kolanko-180-2\/#primaryimage\"},\"thumbnailUrl\":\"https:\/\/jurczakautosport.pl\/sklep\/wp-content\/uploads\/2021\/04\/180_bezkielicha-scaled-e1617550982217.jpg\",\"datePublished\":\"2021-03-28T17:45:04+00:00\",\"dateModified\":\"2025-06-01T23:22:32+00:00\",\"breadcrumb\":{\"@id\":\"https:\/\/jurczakautosport.pl\/sklep\/produkt\/kolanka-material-304\/kolanka-bez-kielicha\/fi-761-bez-kielicha\/o-761-mm-kolanko-180-2\/#breadcrumb\"},\"inLanguage\":\"pl-PL\",\"potentialAction\":[{\"@type\":\"ReadAction\",\"target\":[\"https:\/\/jurczakautosport.pl\/sklep\/produkt\/kolanka-material-304\/kolanka-bez-kielicha\/fi-761-bez-kielicha\/o-761-mm-kolanko-180-2\/\"]}]},{\"@type\":\"ImageObject\",\"inLanguage\":\"pl-PL\",\"@id\":\"https:\/\/jurczakautosport.pl\/sklep\/produkt\/kolanka-material-304\/kolanka-bez-kielicha\/fi-761-bez-kielicha\/o-761-mm-kolanko-180-2\/#primaryimage\",\"url\":\"https:\/\/jurczakautosport.pl\/sklep\/wp-content\/uploads\/2021\/04\/180_bezkielicha-scaled-e1617550982217.jpg\",\"contentUrl\":\"https:\/\/jurczakautosport.pl\/sklep\/wp-content\/uploads\/2021\/04\/180_bezkielicha-scaled-e1617550982217.jpg\",\"width\":800,\"height\":600,\"caption\":\"kolanko ze stali nierdzewnej 180 stopni\"},{\"@type\":\"BreadcrumbList\",\"@id\":\"https:\/\/jurczakautosport.pl\/sklep\/produkt\/kolanka-material-304\/kolanka-bez-kielicha\/fi-761-bez-kielicha\/o-761-mm-kolanko-180-2\/#breadcrumb\",\"itemListElement\":[{\"@type\":\"ListItem\",\"position\":1,\"name\":\"Sklep Jurczak Auto Sport\",\"item\":\"https:\/\/jurczakautosport.pl\/sklep\/\"},{\"@type\":\"ListItem\",\"position\":2,\"name\":\"Strona g\u0142\u00f3wna\",\"item\":\"https:\/\/jurczakautosport.pl\/sklep\/\"},{\"@type\":\"ListItem\",\"position\":3,\"name\":\"Kolanko nierdzewne fi 76,1mm 180\u00b0\"}]},{\"@type\":\"WebSite\",\"@id\":\"https:\/\/jurczakautosport.pl\/sklep\/#website\",\"url\":\"https:\/\/jurczakautosport.pl\/sklep\/\",\"name\":\"Jurczak Auto Sport\",\"description\":\"uk\u0142ady wydechowe Bia\u0142ystok\",\"publisher\":{\"@id\":\"https:\/\/jurczakautosport.pl\/sklep\/#organization\"},\"potentialAction\":[{\"@type\":\"SearchAction\",\"target\":{\"@type\":\"EntryPoint\",\"urlTemplate\":\"https:\/\/jurczakautosport.pl\/sklep\/?s={search_term_string}\"},\"query-input\":{\"@type\":\"PropertyValueSpecification\",\"valueRequired\":true,\"valueName\":\"search_term_string\"}}],\"inLanguage\":\"pl-PL\"},{\"@type\":\"Organization\",\"@id\":\"https:\/\/jurczakautosport.pl\/sklep\/#organization\",\"name\":\"Jurczak Auto Sport\",\"url\":\"https:\/\/jurczakautosport.pl\/sklep\/\",\"logo\":{\"@type\":\"ImageObject\",\"inLanguage\":\"pl-PL\",\"@id\":\"https:\/\/jurczakautosport.pl\/sklep\/#\/schema\/logo\/image\/\",\"url\":\"https:\/\/jurczakautosport.pl\/sklep\/wp-content\/uploads\/2021\/03\/jurczak-logo.jpg\",\"contentUrl\":\"https:\/\/jurczakautosport.pl\/sklep\/wp-content\/uploads\/2021\/03\/jurczak-logo.jpg\",\"width\":1600,\"height\":198,\"caption\":\"Jurczak Auto Sport\"},\"image\":{\"@id\":\"https:\/\/jurczakautosport.pl\/sklep\/#\/schema\/logo\/image\/\"}}]}<\/script>\n<!-- \/ Yoast SEO plugin. -->","yoast_head_json":{"title":"Kolanko nierdzewne fi 76,1mm 180\u00b0 - Jurczak Auto Sport","robots":{"index":"index","follow":"follow","max-snippet":"max-snippet:-1","max-image-preview":"max-image-preview:large","max-video-preview":"max-video-preview:-1"},"canonical":"https:\/\/jurczakautosport.pl\/sklep\/produkt\/kolanka-material-304\/kolanka-bez-kielicha\/fi-761-bez-kielicha\/o-761-mm-kolanko-180-2\/","og_locale":"pl_PL","og_type":"article","og_title":"Kolanko nierdzewne fi 76,1mm 180\u00b0 - Jurczak Auto Sport","og_description":"Materia\u0142: stal nierdzewna (304 AISI)  K\u0105t: 180\u00b0  Grubo\u015b\u0107 \u015bcianki: 1,6 mm  Promie\u0144 gi\u0119cia: 152 mm  &nbsp;","og_url":"https:\/\/jurczakautosport.pl\/sklep\/produkt\/kolanka-material-304\/kolanka-bez-kielicha\/fi-761-bez-kielicha\/o-761-mm-kolanko-180-2\/","og_site_name":"Jurczak Auto Sport","article_modified_time":"2025-06-01T23:22:32+00:00","og_image":[{"width":800,"height":600,"url":"https:\/\/jurczakautosport.pl\/sklep\/wp-content\/uploads\/2021\/04\/180_bezkielicha-scaled-e1617550982217.jpg","type":"image\/jpeg"}],"twitter_card":"summary_large_image","twitter_misc":{"Szacowany czas czytania":"1 minuta"},"schema":{"@context":"https:\/\/schema.org","@graph":[{"@type":"WebPage","@id":"https:\/\/jurczakautosport.pl\/sklep\/produkt\/kolanka-material-304\/kolanka-bez-kielicha\/fi-761-bez-kielicha\/o-761-mm-kolanko-180-2\/","url":"https:\/\/jurczakautosport.pl\/sklep\/produkt\/kolanka-material-304\/kolanka-bez-kielicha\/fi-761-bez-kielicha\/o-761-mm-kolanko-180-2\/","name":"Kolanko nierdzewne fi 76,1mm 180\u00b0 - Jurczak Auto Sport","isPartOf":{"@id":"https:\/\/jurczakautosport.pl\/sklep\/#website"},"primaryImageOfPage":{"@id":"https:\/\/jurczakautosport.pl\/sklep\/produkt\/kolanka-material-304\/kolanka-bez-kielicha\/fi-761-bez-kielicha\/o-761-mm-kolanko-180-2\/#primaryimage"},"image":{"@id":"https:\/\/jurczakautosport.pl\/sklep\/produkt\/kolanka-material-304\/kolanka-bez-kielicha\/fi-761-bez-kielicha\/o-761-mm-kolanko-180-2\/#primaryimage"},"thumbnailUrl":"https:\/\/jurczakautosport.pl\/sklep\/wp-content\/uploads\/2021\/04\/180_bezkielicha-scaled-e1617550982217.jpg","datePublished":"2021-03-28T17:45:04+00:00","dateModified":"2025-06-01T23:22:32+00:00","breadcrumb":{"@id":"https:\/\/jurczakautosport.pl\/sklep\/produkt\/kolanka-material-304\/kolanka-bez-kielicha\/fi-761-bez-kielicha\/o-761-mm-kolanko-180-2\/#breadcrumb"},"inLanguage":"pl-PL","potentialAction":[{"@type":"ReadAction","target":["https:\/\/jurczakautosport.pl\/sklep\/produkt\/kolanka-material-304\/kolanka-bez-kielicha\/fi-761-bez-kielicha\/o-761-mm-kolanko-180-2\/"]}]},{"@type":"ImageObject","inLanguage":"pl-PL","@id":"https:\/\/jurczakautosport.pl\/sklep\/produkt\/kolanka-material-304\/kolanka-bez-kielicha\/fi-761-bez-kielicha\/o-761-mm-kolanko-180-2\/#primaryimage","url":"https:\/\/jurczakautosport.pl\/sklep\/wp-content\/uploads\/2021\/04\/180_bezkielicha-scaled-e1617550982217.jpg","contentUrl":"https:\/\/jurczakautosport.pl\/sklep\/wp-content\/uploads\/2021\/04\/180_bezkielicha-scaled-e1617550982217.jpg","width":800,"height":600,"caption":"kolanko ze stali nierdzewnej 180 stopni"},{"@type":"BreadcrumbList","@id":"https:\/\/jurczakautosport.pl\/sklep\/produkt\/kolanka-material-304\/kolanka-bez-kielicha\/fi-761-bez-kielicha\/o-761-mm-kolanko-180-2\/#breadcrumb","itemListElement":[{"@type":"ListItem","position":1,"name":"Sklep Jurczak Auto Sport","item":"https:\/\/jurczakautosport.pl\/sklep\/"},{"@type":"ListItem","position":2,"name":"Strona g\u0142\u00f3wna","item":"https:\/\/jurczakautosport.pl\/sklep\/"},{"@type":"ListItem","position":3,"name":"Kolanko nierdzewne fi 76,1mm 180\u00b0"}]},{"@type":"WebSite","@id":"https:\/\/jurczakautosport.pl\/sklep\/#website","url":"https:\/\/jurczakautosport.pl\/sklep\/","name":"Jurczak Auto Sport","description":"uk\u0142ady wydechowe Bia\u0142ystok","publisher":{"@id":"https:\/\/jurczakautosport.pl\/sklep\/#organization"},"potentialAction":[{"@type":"SearchAction","target":{"@type":"EntryPoint","urlTemplate":"https:\/\/jurczakautosport.pl\/sklep\/?s={search_term_string}"},"query-input":{"@type":"PropertyValueSpecification","valueRequired":true,"valueName":"search_term_string"}}],"inLanguage":"pl-PL"},{"@type":"Organization","@id":"https:\/\/jurczakautosport.pl\/sklep\/#organization","name":"Jurczak Auto Sport","url":"https:\/\/jurczakautosport.pl\/sklep\/","logo":{"@type":"ImageObject","inLanguage":"pl-PL","@id":"https:\/\/jurczakautosport.pl\/sklep\/#\/schema\/logo\/image\/","url":"https:\/\/jurczakautosport.pl\/sklep\/wp-content\/uploads\/2021\/03\/jurczak-logo.jpg","contentUrl":"https:\/\/jurczakautosport.pl\/sklep\/wp-content\/uploads\/2021\/03\/jurczak-logo.jpg","width":1600,"height":198,"caption":"Jurczak Auto Sport"},"image":{"@id":"https:\/\/jurczakautosport.pl\/sklep\/#\/schema\/logo\/image\/"}}]}},"_links":{"self":[{"href":"https:\/\/jurczakautosport.pl\/sklep\/wp-json\/wp\/v2\/product\/457","targetHints":{"allow":["GET"]}}],"collection":[{"href":"https:\/\/jurczakautosport.pl\/sklep\/wp-json\/wp\/v2\/product"}],"about":[{"href":"https:\/\/jurczakautosport.pl\/sklep\/wp-json\/wp\/v2\/types\/product"}],"replies":[{"embeddable":true,"href":"https:\/\/jurczakautosport.pl\/sklep\/wp-json\/wp\/v2\/comments?post=457"}],"wp:featuredmedia":[{"embeddable":true,"href":"https:\/\/jurczakautosport.pl\/sklep\/wp-json\/wp\/v2\/media\/485"}],"wp:attachment":[{"href":"https:\/\/jurczakautosport.pl\/sklep\/wp-json\/wp\/v2\/media?parent=457"}],"wp:term":[{"taxonomy":"product_brand","embeddable":true,"href":"https:\/\/jurczakautosport.pl\/sklep\/wp-json\/wp\/v2\/product_brand?post=457"},{"taxonomy":"product_cat","embeddable":true,"href":"https:\/\/jurczakautosport.pl\/sklep\/wp-json\/wp\/v2\/product_cat?post=457"},{"taxonomy":"product_tag","embeddable":true,"href":"https:\/\/jurczakautosport.pl\/sklep\/wp-json\/wp\/v2\/product_tag?post=457"}],"curies":[{"name":"wp","href":"https:\/\/api.w.org\/{rel}","templated":true}]}}