{"id":931,"date":"2022-02-13T19:26:21","date_gmt":"2022-02-13T18:26:21","guid":{"rendered":"https:\/\/jurczakautosport.pl\/sklep\/?post_type=product&#038;p=931"},"modified":"2025-06-02T01:21:03","modified_gmt":"2025-06-01T23:21:03","slug":"o-50-mmdlugosc-50cm","status":"publish","type":"product","link":"https:\/\/jurczakautosport.pl\/sklep\/produkt\/rury-aisi-304\/rury-dlugosc-100-cm\/fi-50-mm-rury-dlugosc-100-cm-rury-aisi-304\/o-50-mmdlugosc-50cm\/","title":{"rendered":"Rura fi 50mm d\u0142ugo\u015b\u0107 50cm"},"content":{"rendered":"<p>Rura o d\u0142ugo\u015bci 50cm wykonana ze stali nierdzewnej, <span class=\"aCOpRe\">gatunku AISI 304, o \u015brednicy 50 mm i grubo\u015b\u0107 \u015bcianki 1,5 mm.<\/span><\/p>\n<p>Najpopularniejszy materia\u0142 wykorzystywany w tuningu przy budowie uk\u0142ad\u00f3w wydechowych i dolotowych.<\/p>\n<p>Materia\u0142 charakteryzujacy sie dobr\u0105 spawalno\u015bci\u0105 i odporno\u015bci\u0105 na korozj\u0119.<\/p>\n","protected":false},"excerpt":{"rendered":"<p><strong>Materia\u0142: <\/strong>stal nierdzewna (304 AISI)<\/p>\n<p><strong>\u015arednica : <\/strong>50 mm<\/p>\n<p><strong>Grubo\u015b\u0107 \u015bcianki: <\/strong>1,5 mm<\/p>\n<p><strong>D\u0142ugo\u015b\u0107 : <\/strong>50 cm<\/p>\n<p>&nbsp;<\/p>\n<p>&nbsp;<\/p>\n","protected":false},"featured_media":830,"comment_status":"closed","ping_status":"closed","template":"","meta":[],"product_brand":[],"product_cat":[120],"product_tag":[242,241,231,232,233,235,234,236,237,238,240,239,229,226,173,169,225,230,127,126,110,78,140],"class_list":{"0":"post-931","1":"product","2":"type-product","3":"status-publish","4":"has-post-thumbnail","6":"product_cat-fi-50-mm-rury-dlugosc-100-cm-rury-aisi-304","7":"product_tag-0-5m","8":"product_tag-1m","9":"product_tag-231","10":"product_tag-232","11":"product_tag-233","12":"product_tag-235","13":"product_tag-63-5","14":"product_tag-236","15":"product_tag-237","16":"product_tag-76-1","17":"product_tag-88-9","18":"product_tag-239","19":"product_tag-inox-rura","20":"product_tag-kwasowka","21":"product_tag-lacznik-nierdzewny","22":"product_tag-lacznik-prosty","23":"product_tag-nierdzewka","24":"product_tag-rura","25":"product_tag-rura-do-wydechow","26":"product_tag-rura-nierdzewna","27":"product_tag-rura-stal-nierdzewna","28":"product_tag-stal-nierdzewna","29":"product_tag-wydech","30":"product_shipping_class-wysylka-2-4-dni","32":"first","33":"instock","34":"taxable","35":"shipping-taxable","36":"purchasable","37":"product-type-simple"},"yoast_head":"<!-- This site is optimized with the Yoast SEO plugin v25.1 - https:\/\/yoast.com\/wordpress\/plugins\/seo\/ -->\n<title>Rura fi 50mm d\u0142ugo\u015b\u0107 50cm - Jurczak Auto Sport<\/title>\n<meta name=\"robots\" content=\"index, follow, max-snippet:-1, max-image-preview:large, max-video-preview:-1\" \/>\n<link rel=\"canonical\" href=\"https:\/\/jurczakautosport.pl\/sklep\/produkt\/rury-aisi-304\/rury-dlugosc-100-cm\/fi-50-mm-rury-dlugosc-100-cm-rury-aisi-304\/o-50-mmdlugosc-50cm\/\" \/>\n<meta property=\"og:locale\" content=\"pl_PL\" \/>\n<meta property=\"og:type\" content=\"article\" \/>\n<meta property=\"og:title\" content=\"Rura fi 50mm d\u0142ugo\u015b\u0107 50cm - Jurczak Auto Sport\" \/>\n<meta property=\"og:description\" content=\"Materia\u0142: stal nierdzewna (304 AISI)  \u015arednica : 50 mm  Grubo\u015b\u0107 \u015bcianki: 1,5 mm  D\u0142ugo\u015b\u0107 : 50 cm  &nbsp;  &nbsp;\" \/>\n<meta property=\"og:url\" content=\"https:\/\/jurczakautosport.pl\/sklep\/produkt\/rury-aisi-304\/rury-dlugosc-100-cm\/fi-50-mm-rury-dlugosc-100-cm-rury-aisi-304\/o-50-mmdlugosc-50cm\/\" \/>\n<meta property=\"og:site_name\" content=\"Jurczak Auto Sport\" \/>\n<meta property=\"article:modified_time\" content=\"2025-06-01T23:21:03+00:00\" \/>\n<meta property=\"og:image\" content=\"https:\/\/jurczakautosport.pl\/sklep\/wp-content\/uploads\/2022\/01\/IMG_20220130_150612.jpg\" \/>\n\t<meta property=\"og:image:width\" content=\"1236\" \/>\n\t<meta property=\"og:image:height\" content=\"927\" \/>\n\t<meta property=\"og:image:type\" content=\"image\/jpeg\" \/>\n<meta name=\"twitter:card\" content=\"summary_large_image\" \/>\n<meta name=\"twitter:label1\" content=\"Szacowany czas czytania\" \/>\n\t<meta name=\"twitter:data1\" content=\"1 minuta\" \/>\n<script type=\"application\/ld+json\" class=\"yoast-schema-graph\">{\"@context\":\"https:\/\/schema.org\",\"@graph\":[{\"@type\":\"WebPage\",\"@id\":\"https:\/\/jurczakautosport.pl\/sklep\/produkt\/rury-aisi-304\/rury-dlugosc-100-cm\/fi-50-mm-rury-dlugosc-100-cm-rury-aisi-304\/o-50-mmdlugosc-50cm\/\",\"url\":\"https:\/\/jurczakautosport.pl\/sklep\/produkt\/rury-aisi-304\/rury-dlugosc-100-cm\/fi-50-mm-rury-dlugosc-100-cm-rury-aisi-304\/o-50-mmdlugosc-50cm\/\",\"name\":\"Rura fi 50mm d\u0142ugo\u015b\u0107 50cm - Jurczak Auto Sport\",\"isPartOf\":{\"@id\":\"https:\/\/jurczakautosport.pl\/sklep\/#website\"},\"primaryImageOfPage\":{\"@id\":\"https:\/\/jurczakautosport.pl\/sklep\/produkt\/rury-aisi-304\/rury-dlugosc-100-cm\/fi-50-mm-rury-dlugosc-100-cm-rury-aisi-304\/o-50-mmdlugosc-50cm\/#primaryimage\"},\"image\":{\"@id\":\"https:\/\/jurczakautosport.pl\/sklep\/produkt\/rury-aisi-304\/rury-dlugosc-100-cm\/fi-50-mm-rury-dlugosc-100-cm-rury-aisi-304\/o-50-mmdlugosc-50cm\/#primaryimage\"},\"thumbnailUrl\":\"https:\/\/jurczakautosport.pl\/sklep\/wp-content\/uploads\/2022\/01\/IMG_20220130_150612.jpg\",\"datePublished\":\"2022-02-13T18:26:21+00:00\",\"dateModified\":\"2025-06-01T23:21:03+00:00\",\"breadcrumb\":{\"@id\":\"https:\/\/jurczakautosport.pl\/sklep\/produkt\/rury-aisi-304\/rury-dlugosc-100-cm\/fi-50-mm-rury-dlugosc-100-cm-rury-aisi-304\/o-50-mmdlugosc-50cm\/#breadcrumb\"},\"inLanguage\":\"pl-PL\",\"potentialAction\":[{\"@type\":\"ReadAction\",\"target\":[\"https:\/\/jurczakautosport.pl\/sklep\/produkt\/rury-aisi-304\/rury-dlugosc-100-cm\/fi-50-mm-rury-dlugosc-100-cm-rury-aisi-304\/o-50-mmdlugosc-50cm\/\"]}]},{\"@type\":\"ImageObject\",\"inLanguage\":\"pl-PL\",\"@id\":\"https:\/\/jurczakautosport.pl\/sklep\/produkt\/rury-aisi-304\/rury-dlugosc-100-cm\/fi-50-mm-rury-dlugosc-100-cm-rury-aisi-304\/o-50-mmdlugosc-50cm\/#primaryimage\",\"url\":\"https:\/\/jurczakautosport.pl\/sklep\/wp-content\/uploads\/2022\/01\/IMG_20220130_150612.jpg\",\"contentUrl\":\"https:\/\/jurczakautosport.pl\/sklep\/wp-content\/uploads\/2022\/01\/IMG_20220130_150612.jpg\",\"width\":1236,\"height\":927},{\"@type\":\"BreadcrumbList\",\"@id\":\"https:\/\/jurczakautosport.pl\/sklep\/produkt\/rury-aisi-304\/rury-dlugosc-100-cm\/fi-50-mm-rury-dlugosc-100-cm-rury-aisi-304\/o-50-mmdlugosc-50cm\/#breadcrumb\",\"itemListElement\":[{\"@type\":\"ListItem\",\"position\":1,\"name\":\"Sklep Jurczak Auto Sport\",\"item\":\"https:\/\/jurczakautosport.pl\/sklep\/\"},{\"@type\":\"ListItem\",\"position\":2,\"name\":\"Strona g\u0142\u00f3wna\",\"item\":\"https:\/\/jurczakautosport.pl\/sklep\/\"},{\"@type\":\"ListItem\",\"position\":3,\"name\":\"Rura fi 50mm d\u0142ugo\u015b\u0107 50cm\"}]},{\"@type\":\"WebSite\",\"@id\":\"https:\/\/jurczakautosport.pl\/sklep\/#website\",\"url\":\"https:\/\/jurczakautosport.pl\/sklep\/\",\"name\":\"Jurczak Auto Sport\",\"description\":\"uk\u0142ady wydechowe Bia\u0142ystok\",\"publisher\":{\"@id\":\"https:\/\/jurczakautosport.pl\/sklep\/#organization\"},\"potentialAction\":[{\"@type\":\"SearchAction\",\"target\":{\"@type\":\"EntryPoint\",\"urlTemplate\":\"https:\/\/jurczakautosport.pl\/sklep\/?s={search_term_string}\"},\"query-input\":{\"@type\":\"PropertyValueSpecification\",\"valueRequired\":true,\"valueName\":\"search_term_string\"}}],\"inLanguage\":\"pl-PL\"},{\"@type\":\"Organization\",\"@id\":\"https:\/\/jurczakautosport.pl\/sklep\/#organization\",\"name\":\"Jurczak Auto Sport\",\"url\":\"https:\/\/jurczakautosport.pl\/sklep\/\",\"logo\":{\"@type\":\"ImageObject\",\"inLanguage\":\"pl-PL\",\"@id\":\"https:\/\/jurczakautosport.pl\/sklep\/#\/schema\/logo\/image\/\",\"url\":\"https:\/\/jurczakautosport.pl\/sklep\/wp-content\/uploads\/2021\/03\/jurczak-logo.jpg\",\"contentUrl\":\"https:\/\/jurczakautosport.pl\/sklep\/wp-content\/uploads\/2021\/03\/jurczak-logo.jpg\",\"width\":1600,\"height\":198,\"caption\":\"Jurczak Auto Sport\"},\"image\":{\"@id\":\"https:\/\/jurczakautosport.pl\/sklep\/#\/schema\/logo\/image\/\"}}]}<\/script>\n<!-- \/ Yoast SEO plugin. -->","yoast_head_json":{"title":"Rura fi 50mm d\u0142ugo\u015b\u0107 50cm - Jurczak Auto Sport","robots":{"index":"index","follow":"follow","max-snippet":"max-snippet:-1","max-image-preview":"max-image-preview:large","max-video-preview":"max-video-preview:-1"},"canonical":"https:\/\/jurczakautosport.pl\/sklep\/produkt\/rury-aisi-304\/rury-dlugosc-100-cm\/fi-50-mm-rury-dlugosc-100-cm-rury-aisi-304\/o-50-mmdlugosc-50cm\/","og_locale":"pl_PL","og_type":"article","og_title":"Rura fi 50mm d\u0142ugo\u015b\u0107 50cm - Jurczak Auto Sport","og_description":"Materia\u0142: stal nierdzewna (304 AISI)  \u015arednica : 50 mm  Grubo\u015b\u0107 \u015bcianki: 1,5 mm  D\u0142ugo\u015b\u0107 : 50 cm  &nbsp;  &nbsp;","og_url":"https:\/\/jurczakautosport.pl\/sklep\/produkt\/rury-aisi-304\/rury-dlugosc-100-cm\/fi-50-mm-rury-dlugosc-100-cm-rury-aisi-304\/o-50-mmdlugosc-50cm\/","og_site_name":"Jurczak Auto Sport","article_modified_time":"2025-06-01T23:21:03+00:00","og_image":[{"width":1236,"height":927,"url":"https:\/\/jurczakautosport.pl\/sklep\/wp-content\/uploads\/2022\/01\/IMG_20220130_150612.jpg","type":"image\/jpeg"}],"twitter_card":"summary_large_image","twitter_misc":{"Szacowany czas czytania":"1 minuta"},"schema":{"@context":"https:\/\/schema.org","@graph":[{"@type":"WebPage","@id":"https:\/\/jurczakautosport.pl\/sklep\/produkt\/rury-aisi-304\/rury-dlugosc-100-cm\/fi-50-mm-rury-dlugosc-100-cm-rury-aisi-304\/o-50-mmdlugosc-50cm\/","url":"https:\/\/jurczakautosport.pl\/sklep\/produkt\/rury-aisi-304\/rury-dlugosc-100-cm\/fi-50-mm-rury-dlugosc-100-cm-rury-aisi-304\/o-50-mmdlugosc-50cm\/","name":"Rura fi 50mm d\u0142ugo\u015b\u0107 50cm - Jurczak Auto Sport","isPartOf":{"@id":"https:\/\/jurczakautosport.pl\/sklep\/#website"},"primaryImageOfPage":{"@id":"https:\/\/jurczakautosport.pl\/sklep\/produkt\/rury-aisi-304\/rury-dlugosc-100-cm\/fi-50-mm-rury-dlugosc-100-cm-rury-aisi-304\/o-50-mmdlugosc-50cm\/#primaryimage"},"image":{"@id":"https:\/\/jurczakautosport.pl\/sklep\/produkt\/rury-aisi-304\/rury-dlugosc-100-cm\/fi-50-mm-rury-dlugosc-100-cm-rury-aisi-304\/o-50-mmdlugosc-50cm\/#primaryimage"},"thumbnailUrl":"https:\/\/jurczakautosport.pl\/sklep\/wp-content\/uploads\/2022\/01\/IMG_20220130_150612.jpg","datePublished":"2022-02-13T18:26:21+00:00","dateModified":"2025-06-01T23:21:03+00:00","breadcrumb":{"@id":"https:\/\/jurczakautosport.pl\/sklep\/produkt\/rury-aisi-304\/rury-dlugosc-100-cm\/fi-50-mm-rury-dlugosc-100-cm-rury-aisi-304\/o-50-mmdlugosc-50cm\/#breadcrumb"},"inLanguage":"pl-PL","potentialAction":[{"@type":"ReadAction","target":["https:\/\/jurczakautosport.pl\/sklep\/produkt\/rury-aisi-304\/rury-dlugosc-100-cm\/fi-50-mm-rury-dlugosc-100-cm-rury-aisi-304\/o-50-mmdlugosc-50cm\/"]}]},{"@type":"ImageObject","inLanguage":"pl-PL","@id":"https:\/\/jurczakautosport.pl\/sklep\/produkt\/rury-aisi-304\/rury-dlugosc-100-cm\/fi-50-mm-rury-dlugosc-100-cm-rury-aisi-304\/o-50-mmdlugosc-50cm\/#primaryimage","url":"https:\/\/jurczakautosport.pl\/sklep\/wp-content\/uploads\/2022\/01\/IMG_20220130_150612.jpg","contentUrl":"https:\/\/jurczakautosport.pl\/sklep\/wp-content\/uploads\/2022\/01\/IMG_20220130_150612.jpg","width":1236,"height":927},{"@type":"BreadcrumbList","@id":"https:\/\/jurczakautosport.pl\/sklep\/produkt\/rury-aisi-304\/rury-dlugosc-100-cm\/fi-50-mm-rury-dlugosc-100-cm-rury-aisi-304\/o-50-mmdlugosc-50cm\/#breadcrumb","itemListElement":[{"@type":"ListItem","position":1,"name":"Sklep Jurczak Auto Sport","item":"https:\/\/jurczakautosport.pl\/sklep\/"},{"@type":"ListItem","position":2,"name":"Strona g\u0142\u00f3wna","item":"https:\/\/jurczakautosport.pl\/sklep\/"},{"@type":"ListItem","position":3,"name":"Rura fi 50mm d\u0142ugo\u015b\u0107 50cm"}]},{"@type":"WebSite","@id":"https:\/\/jurczakautosport.pl\/sklep\/#website","url":"https:\/\/jurczakautosport.pl\/sklep\/","name":"Jurczak Auto Sport","description":"uk\u0142ady wydechowe Bia\u0142ystok","publisher":{"@id":"https:\/\/jurczakautosport.pl\/sklep\/#organization"},"potentialAction":[{"@type":"SearchAction","target":{"@type":"EntryPoint","urlTemplate":"https:\/\/jurczakautosport.pl\/sklep\/?s={search_term_string}"},"query-input":{"@type":"PropertyValueSpecification","valueRequired":true,"valueName":"search_term_string"}}],"inLanguage":"pl-PL"},{"@type":"Organization","@id":"https:\/\/jurczakautosport.pl\/sklep\/#organization","name":"Jurczak Auto Sport","url":"https:\/\/jurczakautosport.pl\/sklep\/","logo":{"@type":"ImageObject","inLanguage":"pl-PL","@id":"https:\/\/jurczakautosport.pl\/sklep\/#\/schema\/logo\/image\/","url":"https:\/\/jurczakautosport.pl\/sklep\/wp-content\/uploads\/2021\/03\/jurczak-logo.jpg","contentUrl":"https:\/\/jurczakautosport.pl\/sklep\/wp-content\/uploads\/2021\/03\/jurczak-logo.jpg","width":1600,"height":198,"caption":"Jurczak Auto Sport"},"image":{"@id":"https:\/\/jurczakautosport.pl\/sklep\/#\/schema\/logo\/image\/"}}]}},"_links":{"self":[{"href":"https:\/\/jurczakautosport.pl\/sklep\/wp-json\/wp\/v2\/product\/931","targetHints":{"allow":["GET"]}}],"collection":[{"href":"https:\/\/jurczakautosport.pl\/sklep\/wp-json\/wp\/v2\/product"}],"about":[{"href":"https:\/\/jurczakautosport.pl\/sklep\/wp-json\/wp\/v2\/types\/product"}],"replies":[{"embeddable":true,"href":"https:\/\/jurczakautosport.pl\/sklep\/wp-json\/wp\/v2\/comments?post=931"}],"wp:featuredmedia":[{"embeddable":true,"href":"https:\/\/jurczakautosport.pl\/sklep\/wp-json\/wp\/v2\/media\/830"}],"wp:attachment":[{"href":"https:\/\/jurczakautosport.pl\/sklep\/wp-json\/wp\/v2\/media?parent=931"}],"wp:term":[{"taxonomy":"product_brand","embeddable":true,"href":"https:\/\/jurczakautosport.pl\/sklep\/wp-json\/wp\/v2\/product_brand?post=931"},{"taxonomy":"product_cat","embeddable":true,"href":"https:\/\/jurczakautosport.pl\/sklep\/wp-json\/wp\/v2\/product_cat?post=931"},{"taxonomy":"product_tag","embeddable":true,"href":"https:\/\/jurczakautosport.pl\/sklep\/wp-json\/wp\/v2\/product_tag?post=931"}],"curies":[{"name":"wp","href":"https:\/\/api.w.org\/{rel}","templated":true}]}}